{"id":18518,"date":"2022-10-10T13:16:34","date_gmt":"2022-10-10T11:16:34","guid":{"rendered":"http:\/\/www.betterconsultants.com\/cas\/?page_id=18518"},"modified":"2025-03-25T13:59:44","modified_gmt":"2025-03-25T12:59:44","slug":"top10-operaciones-ventas-cartera","status":"publish","type":"page","link":"https:\/\/www.betterconsultants.com\/cas\/top10-operaciones-ventas-cartera\/","title":{"rendered":"TOP 10 operaciones de carteras NPL en Espa\u00f1a 2021-2022"},"content":{"rendered":"<p>[et_pb_section fb_built=\u00bb1&#8243; admin_label=\u00bbsection\u00bb _builder_version=\u00bb4.16&#8243; global_colors_info=\u00bb{}\u00bb][et_pb_row column_structure=\u00bb3_4,1_4&#8243; admin_label=\u00bbrow\u00bb _builder_version=\u00bb4.16&#8243; background_size=\u00bbinitial\u00bb background_position=\u00bbtop_left\u00bb background_repeat=\u00bbrepeat\u00bb global_colors_info=\u00bb{}\u00bb][et_pb_column type=\u00bb3_4&#8243; _builder_version=\u00bb4.16&#8243; custom_padding=\u00bb|||\u00bb global_colors_info=\u00bb{}\u00bb custom_padding__hover=\u00bb|||\u00bb][et_pb_text admin_label=\u00bbTexto\u00bb _builder_version=\u00bb4.18.0&#8243; background_size=\u00bbinitial\u00bb background_position=\u00bbtop_left\u00bb background_repeat=\u00bbrepeat\u00bb text_orientation=\u00bbcenter\u00bb module_alignment=\u00bbcenter\u00bb min_height=\u00bb137px\u00bb custom_padding=\u00bb||49px|||\u00bb border_color_all=\u00bb#ffffff\u00bb use_border_color=\u00bboff\u00bb border_color=\u00bb#ffffff\u00bb border_style=\u00bbsolid\u00bb saved_tabs=\u00bball\u00bb global_colors_info=\u00bb{}\u00bb]<\/p>\n<h1 style=\"text-align: center;\">TOP 10 operaciones de carteras NPL en Espa\u00f1a 2021-2023<\/h1>\n<p>[\/et_pb_text][et_pb_text _builder_version=\u00bb4.27.4&#8243; _module_preset=\u00bbdefault\u00bb min_height=\u00bb164px\u00bb custom_margin=\u00bb-5px|-242px|||false|false\u00bb custom_padding=\u00bb||0px||false|false\u00bb link_option_url=\u00bbhttps:\/\/www.betterconsultants.com\/cas\/consolidamos-pmap-nuevas-operaciones-ventas-titulizacion-activos-inmobiliarios-2\/\u00bb link_option_url_new_window=\u00bbon\u00bb hover_enabled=\u00bb0&#8243; locked=\u00bboff\u00bb global_colors_info=\u00bb{}\u00bb sticky_enabled=\u00bb0&#8243;]<\/p>\n<p><iframe loading=\"lazy\" title=\"TOP 10 Operaciones ventas de carteras NPL Spain 2021-2022\" width=\"1600\" height=\"700\" src=\"https:\/\/app.powerbi.com\/view?r=eyJrIjoiOGEzNjYzODQtNDA3MS00YmNmLWFkZWQtOTBhOGM3ZDQ5ZmQ4IiwidCI6ImYyMGIwMWQ5LTUxYjYtNDY4Ni05MWRhLWQxMjgzNmFlYjQzZSIsImMiOjl9\" frameborder=\"0\" allowfullscreen=\"true\"><\/iframe><\/p>\n<p>[\/et_pb_text][et_pb_text _builder_version=\u00bb4.18.0&#8243; _module_preset=\u00bbdefault\u00bb hover_enabled=\u00bb0&#8243; global_colors_info=\u00bb{}\u00bb sticky_enabled=\u00bb0&#8243;]<\/p>\n<p>Consulte las caracter\u00edsticas de nuestra <a href=\"https:\/\/www.betterconsultants.com\/cas\/?page_id=18332\" target=\"_blank\" rel=\"noopener\"><strong>plataforma PMaP <\/strong><\/a>o vea tambi\u00e9n nuestros <strong><a href=\"https:\/\/www.betterconsultants.com\/cas\/better-consultants-gestion-inmobiliaria\/\" target=\"_blank\" rel=\"noopener\">proyectos de gesti\u00f3n de activos inmobiliarios<\/a><\/strong><\/p>\n<p>[\/et_pb_text][\/et_pb_column][et_pb_column type=\u00bb1_4&#8243; _builder_version=\u00bb4.16&#8243; custom_padding=\u00bb|||\u00bb global_colors_info=\u00bb{}\u00bb custom_padding__hover=\u00bb|||\u00bb][\/et_pb_column][\/et_pb_row][\/et_pb_section][et_pb_section fb_built=\u00bb1&#8243; admin_label=\u00bbFooter\u00bb _builder_version=\u00bb4.16&#8243; background_image=\u00bbhttps:\/\/www.betterconsultants.com\/cas\/wp-content\/uploads\/2018\/02\/img19.jpg\u00bb parallax=\u00bbon\u00bb custom_padding=\u00bb37px||21px||false|false\u00bb filter_saturate=\u00bb66%\u00bb animation_style=\u00bbzoom\u00bb animation_intensity_zoom=\u00bb2%\u00bb saved_tabs=\u00bball\u00bb locked=\u00bboff\u00bb global_colors_info=\u00bb{}\u00bb][et_pb_row column_structure=\u00bb1_5,3_5,1_5&#8243; use_custom_gutter=\u00bbon\u00bb make_equal=\u00bbon\u00bb _builder_version=\u00bb4.16&#8243; background_size=\u00bbinitial\u00bb background_position=\u00bbtop_left\u00bb background_repeat=\u00bbrepeat\u00bb custom_padding=\u00bb|||\u00bb global_colors_info=\u00bb{}\u00bb][et_pb_column type=\u00bb1_5&#8243; _builder_version=\u00bb4.16&#8243; background_position=\u00bbtop_left\u00bb custom_padding=\u00bb50px|40px|50px|40px\u00bb global_colors_info=\u00bb{}\u00bb custom_padding__hover=\u00bb|||\u00bb][\/et_pb_column][et_pb_column type=\u00bb3_5&#8243; _builder_version=\u00bb4.16&#8243; background_color=\u00bb#ffffff\u00bb background_position=\u00bbtop_left\u00bb custom_padding=\u00bb50px|40px|50px|40px\u00bb global_colors_info=\u00bb{}\u00bb custom_padding__hover=\u00bb|||\u00bb][et_pb_contact_form captcha=\u00bboff\u00bb email=\u00bbcontacto@betterconsultants.com\u00bb title=\u00bbNuestros expertos en gesti\u00f3n de ventas y titulizaci\u00f3n de carteras se pondr\u00e1n en contacto con usted para informaci\u00f3n y acceso a caracter\u00edsticas adicionales de la soluci\u00f3n.\u00bb custom_message=\u00bbSolicitud de Informaci\u00f3n de Ventas y Titulizaci\u00f3n Carteras desde la web de Better.||et_pb_line_break_holder||||et_pb_line_break_holder||%%Name%%||et_pb_line_break_holder||%%Company%%||et_pb_line_break_holder||%%Email%%||et_pb_line_break_holder||%%Phone%%||et_pb_line_break_holder||%%Message%%||et_pb_line_break_holder||\u00bb success_message=\u00bbMensaje enviado. En breve contactaremos con ustedes\u00bb submit_button_text=\u00bbEnviar\u00bb module_id=\u00bbet_pb_contact_form_1&#8243; _builder_version=\u00bb4.27.4&#8243; _unique_id=\u00bb15a67616-9063-4ff1-8ef0-2a108e0fa804&#8243; form_field_background_color=\u00bbrgba(255,255,255,0)\u00bb title_font=\u00bbMontserrat||||\u00bb title_font_size=\u00bb22px\u00bb background_color=\u00bb#ffffff\u00bb custom_button=\u00bbon\u00bb button_text_size=\u00bb18px\u00bb button_text_color=\u00bb#ffffff\u00bb button_bg_color=\u00bb#003d60&#8243; button_border_width=\u00bb0px\u00bb button_border_radius=\u00bb12px\u00bb button_letter_spacing=\u00bb2px\u00bb button_font=\u00bbMontserrat||||||||\u00bb button_use_icon=\u00bboff\u00bb animation_style=\u00bbslide\u00bb animation_direction=\u00bbbottom\u00bb animation_duration=\u00bb500ms\u00bb animation_intensity_slide=\u00bb20%\u00bb animation_starting_opacity=\u00bb20%\u00bb border_width_all=\u00bb2px\u00bb border_color_all=\u00bbrgba(0,0,0,0.12)\u00bb use_border_color=\u00bbon\u00bb form_background_color=\u00bbrgba(255,255,255,0)\u00bb global_colors_info=\u00bb{}\u00bb][et_pb_contact_field field_id=\u00bbName\u00bb field_title=\u00bbNombre y apellidos\u00bb _builder_version=\u00bb4.18.0&#8243; global_colors_info=\u00bb{}\u00bb button_text_size__hover_enabled=\u00bboff\u00bb button_one_text_size__hover_enabled=\u00bboff\u00bb button_two_text_size__hover_enabled=\u00bboff\u00bb button_text_color__hover_enabled=\u00bboff\u00bb button_one_text_color__hover_enabled=\u00bboff\u00bb button_two_text_color__hover_enabled=\u00bboff\u00bb button_border_width__hover_enabled=\u00bboff\u00bb button_one_border_width__hover_enabled=\u00bboff\u00bb button_two_border_width__hover_enabled=\u00bboff\u00bb button_border_color__hover_enabled=\u00bboff\u00bb button_one_border_color__hover_enabled=\u00bboff\u00bb button_two_border_color__hover_enabled=\u00bboff\u00bb button_border_radius__hover_enabled=\u00bboff\u00bb button_one_border_radius__hover_enabled=\u00bboff\u00bb button_two_border_radius__hover_enabled=\u00bboff\u00bb button_letter_spacing__hover_enabled=\u00bboff\u00bb button_one_letter_spacing__hover_enabled=\u00bboff\u00bb button_two_letter_spacing__hover_enabled=\u00bboff\u00bb button_bg_color__hover_enabled=\u00bboff\u00bb button_one_bg_color__hover_enabled=\u00bboff\u00bb button_two_bg_color__hover_enabled=\u00bboff\u00bb][\/et_pb_contact_field][et_pb_contact_field field_id=\u00bbCompany\u00bb field_title=\u00bbEntidad\/Organismo\u00bb _builder_version=\u00bb4.18.0&#8243; global_colors_info=\u00bb{}\u00bb button_text_size__hover_enabled=\u00bboff\u00bb button_one_text_size__hover_enabled=\u00bboff\u00bb button_two_text_size__hover_enabled=\u00bboff\u00bb button_text_color__hover_enabled=\u00bboff\u00bb button_one_text_color__hover_enabled=\u00bboff\u00bb button_two_text_color__hover_enabled=\u00bboff\u00bb button_border_width__hover_enabled=\u00bboff\u00bb button_one_border_width__hover_enabled=\u00bboff\u00bb button_two_border_width__hover_enabled=\u00bboff\u00bb button_border_color__hover_enabled=\u00bboff\u00bb button_one_border_color__hover_enabled=\u00bboff\u00bb button_two_border_color__hover_enabled=\u00bboff\u00bb button_border_radius__hover_enabled=\u00bboff\u00bb button_one_border_radius__hover_enabled=\u00bboff\u00bb button_two_border_radius__hover_enabled=\u00bboff\u00bb button_letter_spacing__hover_enabled=\u00bboff\u00bb button_one_letter_spacing__hover_enabled=\u00bboff\u00bb button_two_letter_spacing__hover_enabled=\u00bboff\u00bb button_bg_color__hover_enabled=\u00bboff\u00bb button_one_bg_color__hover_enabled=\u00bboff\u00bb button_two_bg_color__hover_enabled=\u00bboff\u00bb][\/et_pb_contact_field][et_pb_contact_field field_id=\u00bbEmail\u00bb field_title=\u00bbCorreo electr\u00f3nico\u00bb field_type=\u00bbemail\u00bb _builder_version=\u00bb4.18.0&#8243; global_colors_info=\u00bb{}\u00bb button_text_size__hover_enabled=\u00bboff\u00bb button_one_text_size__hover_enabled=\u00bboff\u00bb button_two_text_size__hover_enabled=\u00bboff\u00bb button_text_color__hover_enabled=\u00bboff\u00bb button_one_text_color__hover_enabled=\u00bboff\u00bb button_two_text_color__hover_enabled=\u00bboff\u00bb button_border_width__hover_enabled=\u00bboff\u00bb button_one_border_width__hover_enabled=\u00bboff\u00bb button_two_border_width__hover_enabled=\u00bboff\u00bb button_border_color__hover_enabled=\u00bboff\u00bb button_one_border_color__hover_enabled=\u00bboff\u00bb button_two_border_color__hover_enabled=\u00bboff\u00bb button_border_radius__hover_enabled=\u00bboff\u00bb button_one_border_radius__hover_enabled=\u00bboff\u00bb button_two_border_radius__hover_enabled=\u00bboff\u00bb button_letter_spacing__hover_enabled=\u00bboff\u00bb button_one_letter_spacing__hover_enabled=\u00bboff\u00bb button_two_letter_spacing__hover_enabled=\u00bboff\u00bb button_bg_color__hover_enabled=\u00bboff\u00bb button_one_bg_color__hover_enabled=\u00bboff\u00bb button_two_bg_color__hover_enabled=\u00bboff\u00bb][\/et_pb_contact_field][et_pb_contact_field field_id=\u00bbPhone\u00bb field_title=\u00bbTel\u00e9fono (opcional)\u00bb allowed_symbols=\u00bbnumbers\u00bb required_mark=\u00bboff\u00bb _builder_version=\u00bb4.18.0&#8243; global_colors_info=\u00bb{}\u00bb button_text_size__hover_enabled=\u00bboff\u00bb button_one_text_size__hover_enabled=\u00bboff\u00bb button_two_text_size__hover_enabled=\u00bboff\u00bb button_text_color__hover_enabled=\u00bboff\u00bb button_one_text_color__hover_enabled=\u00bboff\u00bb button_two_text_color__hover_enabled=\u00bboff\u00bb button_border_width__hover_enabled=\u00bboff\u00bb button_one_border_width__hover_enabled=\u00bboff\u00bb button_two_border_width__hover_enabled=\u00bboff\u00bb button_border_color__hover_enabled=\u00bboff\u00bb button_one_border_color__hover_enabled=\u00bboff\u00bb button_two_border_color__hover_enabled=\u00bboff\u00bb button_border_radius__hover_enabled=\u00bboff\u00bb button_one_border_radius__hover_enabled=\u00bboff\u00bb button_two_border_radius__hover_enabled=\u00bboff\u00bb button_letter_spacing__hover_enabled=\u00bboff\u00bb button_one_letter_spacing__hover_enabled=\u00bboff\u00bb button_two_letter_spacing__hover_enabled=\u00bboff\u00bb button_bg_color__hover_enabled=\u00bboff\u00bb button_one_bg_color__hover_enabled=\u00bboff\u00bb button_two_bg_color__hover_enabled=\u00bboff\u00bb][\/et_pb_contact_field][et_pb_contact_field field_id=\u00bbMessage\u00bb field_title=\u00bbMensaje (opcional)\u00bb field_type=\u00bbtext\u00bb required_mark=\u00bboff\u00bb fullwidth_field=\u00bbon\u00bb _builder_version=\u00bb4.18.0&#8243; global_colors_info=\u00bb{}\u00bb button_text_size__hover_enabled=\u00bboff\u00bb button_one_text_size__hover_enabled=\u00bboff\u00bb button_two_text_size__hover_enabled=\u00bboff\u00bb button_text_color__hover_enabled=\u00bboff\u00bb button_one_text_color__hover_enabled=\u00bboff\u00bb button_two_text_color__hover_enabled=\u00bboff\u00bb button_border_width__hover_enabled=\u00bboff\u00bb button_one_border_width__hover_enabled=\u00bboff\u00bb button_two_border_width__hover_enabled=\u00bboff\u00bb button_border_color__hover_enabled=\u00bboff\u00bb button_one_border_color__hover_enabled=\u00bboff\u00bb button_two_border_color__hover_enabled=\u00bboff\u00bb button_border_radius__hover_enabled=\u00bboff\u00bb button_one_border_radius__hover_enabled=\u00bboff\u00bb button_two_border_radius__hover_enabled=\u00bboff\u00bb button_letter_spacing__hover_enabled=\u00bboff\u00bb button_one_letter_spacing__hover_enabled=\u00bboff\u00bb button_two_letter_spacing__hover_enabled=\u00bboff\u00bb button_bg_color__hover_enabled=\u00bboff\u00bb button_one_bg_color__hover_enabled=\u00bboff\u00bb button_two_bg_color__hover_enabled=\u00bboff\u00bb][\/et_pb_contact_field][et_pb_contact_field field_id=\u00bbAccept\u00bb field_title=\u00bbPrivacidad\u00bb field_type=\u00bbradio\u00bb radio_options=\u00bb%91{%22value%22:%22Acepto la pol\u00edtica de privacidad%22,%22checked%22:0}%93&#8243; _builder_version=\u00bb4.18.0&#8243; form_field_font_size=\u00bb12&#8243; form_field_font_size_tablet=\u00bb12&#8243; form_field_font_size_phone=\u00bb12&#8243; global_colors_info=\u00bb{}\u00bb button_text_size__hover_enabled=\u00bboff\u00bb button_one_text_size__hover_enabled=\u00bboff\u00bb button_two_text_size__hover_enabled=\u00bboff\u00bb button_text_color__hover_enabled=\u00bboff\u00bb button_one_text_color__hover_enabled=\u00bboff\u00bb button_two_text_color__hover_enabled=\u00bboff\u00bb button_border_width__hover_enabled=\u00bboff\u00bb button_one_border_width__hover_enabled=\u00bboff\u00bb button_two_border_width__hover_enabled=\u00bboff\u00bb button_border_color__hover_enabled=\u00bboff\u00bb button_one_border_color__hover_enabled=\u00bboff\u00bb button_two_border_color__hover_enabled=\u00bboff\u00bb button_border_radius__hover_enabled=\u00bboff\u00bb button_one_border_radius__hover_enabled=\u00bboff\u00bb button_two_border_radius__hover_enabled=\u00bboff\u00bb button_letter_spacing__hover_enabled=\u00bboff\u00bb button_one_letter_spacing__hover_enabled=\u00bboff\u00bb button_two_letter_spacing__hover_enabled=\u00bboff\u00bb button_bg_color__hover_enabled=\u00bboff\u00bb button_one_bg_color__hover_enabled=\u00bboff\u00bb button_two_bg_color__hover_enabled=\u00bboff\u00bb][\/et_pb_contact_field][\/et_pb_contact_form][et_pb_toggle title=\u00bbConsulte nuestra pol\u00edtica de privacidad\u00bb open_toggle_background_color=\u00bbrgba(255,255,255,0)\u00bb closed_toggle_background_color=\u00bbrgba(255,255,255,0)\u00bb admin_label=\u00bbToggle GDPR-es\u00bb _builder_version=\u00bb3.19.11&#8243; title_text_color=\u00bbrgba(37,75,145,0.79)\u00bb title_text_align=\u00bbcenter\u00bb title_font_size=\u00bb13&#8243; body_text_align=\u00bbleft\u00bb body_font_size=\u00bb12&#8243; body_line_height=\u00bb1.5em\u00bb custom_margin=\u00bb|||-20px\u00bb animation_style=\u00bbfade\u00bb border_width_all=\u00bb0px\u00bb global_module=\u00bb14198&#8243; saved_tabs=\u00bball\u00bb global_colors_info=\u00bb{}\u00bb]<\/p>\n<p>De acuerdo con lo dispuesto en Reglamento (UE) 2016\/679 del Parlamento Europeo y del Consejo de 27 de abril de 2016 relativo a la protecci\u00f3n de las personas f\u00edsicas en lo que respecta al tratamiento de datos personales y a la libre circulaci\u00f3n de estos datos y por el que se deroga la Directiva 95\/46\/CE (Reglamento general de protecci\u00f3n de datos), Better Consultants informa que los datos personales que figuran en el presente documento se transmiten directamente al responsable del producto o servicio, sin que en ning\u00fan momento se incorporen en ficheros o bases de datos con informaci\u00f3n personal.<\/p>\n<p>La informaci\u00f3n facilitada se utilizar\u00e1 con el fin \u00fanico de contactar con usted una sola vez, y exclusivamente con motivo de esta solicitud de informaci\u00f3n. Better Consultants contactar\u00e1 con usted en el plazo m\u00e1ximo de dos d\u00edas laborables. Una vez establecida la comunicaci\u00f3n, los datos de contacto del formulario adjunto ser\u00e1n borrados.<\/p>\n<p>[\/et_pb_toggle][\/et_pb_column][et_pb_column type=\u00bb1_5&#8243; _builder_version=\u00bb4.16&#8243; custom_padding=\u00bb|||\u00bb global_colors_info=\u00bb{}\u00bb custom_padding__hover=\u00bb|||\u00bb][\/et_pb_column][\/et_pb_row][\/et_pb_section]<\/p>\n","protected":false},"excerpt":{"rendered":"<p>TOP 10 operaciones de carteras NPL en Espa\u00f1a 2021-2023Consulte las caracter\u00edsticas de nuestra plataforma PMaP o vea tambi\u00e9n nuestros proyectos de gesti\u00f3n de activos inmobiliariosDe acuerdo con lo dispuesto en Reglamento (UE) 2016\/679 del Parlamento Europeo y del Consejo de 27 de abril de 2016 relativo a la protecci\u00f3n de las personas f\u00edsicas en lo [&hellip;]<\/p>\n","protected":false},"author":4,"featured_media":0,"parent":0,"menu_order":0,"comment_status":"closed","ping_status":"closed","template":"","meta":{"_et_pb_use_builder":"on","_et_pb_old_content":"","_et_gb_content_width":"","footnotes":""},"class_list":["post-18518","page","type-page","status-publish","hentry"],"yoast_head":"<!-- This site is optimized with the Yoast SEO plugin v27.3 - https:\/\/yoast.com\/product\/yoast-seo-wordpress\/ -->\n<title>TOP 10 operaciones de carteras NPL en Espa\u00f1a 2021-2022 - Better Consultants<\/title>\n<meta name=\"robots\" content=\"index, follow, max-snippet:-1, max-image-preview:large, max-video-preview:-1\" \/>\n<link rel=\"canonical\" href=\"https:\/\/www.betterconsultants.com\/cas\/top10-operaciones-ventas-cartera\/\" \/>\n<meta property=\"og:locale\" content=\"es_ES\" \/>\n<meta property=\"og:type\" content=\"article\" \/>\n<meta property=\"og:title\" content=\"TOP 10 operaciones de carteras NPL en Espa\u00f1a 2021-2022 - Better Consultants\" \/>\n<meta property=\"og:description\" content=\"TOP 10 operaciones de carteras NPL en Espa\u00f1a 2021-2023Consulte las caracter\u00edsticas de nuestra plataforma PMaP o vea tambi\u00e9n nuestros proyectos de gesti\u00f3n de activos inmobiliariosDe acuerdo con lo dispuesto en Reglamento (UE) 2016\/679 del Parlamento Europeo y del Consejo de 27 de abril de 2016 relativo a la protecci\u00f3n de las personas f\u00edsicas en lo [&hellip;]\" \/>\n<meta property=\"og:url\" content=\"https:\/\/www.betterconsultants.com\/cas\/top10-operaciones-ventas-cartera\/\" \/>\n<meta property=\"og:site_name\" content=\"Better Consultants\" \/>\n<meta property=\"article:modified_time\" content=\"2025-03-25T12:59:44+00:00\" \/>\n<meta name=\"twitter:card\" content=\"summary_large_image\" \/>\n<meta name=\"twitter:label1\" content=\"Tiempo de lectura\" \/>\n\t<meta name=\"twitter:data1\" content=\"9 minutos\" \/>\n<script type=\"application\/ld+json\" class=\"yoast-schema-graph\">{\"@context\":\"https:\\\/\\\/schema.org\",\"@graph\":[{\"@type\":\"WebPage\",\"@id\":\"https:\\\/\\\/www.betterconsultants.com\\\/cas\\\/top10-operaciones-ventas-cartera\\\/\",\"url\":\"https:\\\/\\\/www.betterconsultants.com\\\/cas\\\/top10-operaciones-ventas-cartera\\\/\",\"name\":\"TOP 10 operaciones de carteras NPL en Espa\u00f1a 2021-2022 - Better Consultants\",\"isPartOf\":{\"@id\":\"https:\\\/\\\/www.betterconsultants.com\\\/cas\\\/#website\"},\"datePublished\":\"2022-10-10T11:16:34+00:00\",\"dateModified\":\"2025-03-25T12:59:44+00:00\",\"breadcrumb\":{\"@id\":\"https:\\\/\\\/www.betterconsultants.com\\\/cas\\\/top10-operaciones-ventas-cartera\\\/#breadcrumb\"},\"inLanguage\":\"es\",\"potentialAction\":[{\"@type\":\"ReadAction\",\"target\":[\"https:\\\/\\\/www.betterconsultants.com\\\/cas\\\/top10-operaciones-ventas-cartera\\\/\"]}]},{\"@type\":\"BreadcrumbList\",\"@id\":\"https:\\\/\\\/www.betterconsultants.com\\\/cas\\\/top10-operaciones-ventas-cartera\\\/#breadcrumb\",\"itemListElement\":[{\"@type\":\"ListItem\",\"position\":1,\"name\":\"Portada\",\"item\":\"https:\\\/\\\/www.betterconsultants.com\\\/cas\\\/\"},{\"@type\":\"ListItem\",\"position\":2,\"name\":\"TOP 10 operaciones de carteras NPL en Espa\u00f1a 2021-2022\"}]},{\"@type\":\"WebSite\",\"@id\":\"https:\\\/\\\/www.betterconsultants.com\\\/cas\\\/#website\",\"url\":\"https:\\\/\\\/www.betterconsultants.com\\\/cas\\\/\",\"name\":\"Better Consultants\",\"description\":\"consultoria - servicios TIC\",\"publisher\":{\"@id\":\"https:\\\/\\\/www.betterconsultants.com\\\/cas\\\/#organization\"},\"potentialAction\":[{\"@type\":\"SearchAction\",\"target\":{\"@type\":\"EntryPoint\",\"urlTemplate\":\"https:\\\/\\\/www.betterconsultants.com\\\/cas\\\/?s={search_term_string}\"},\"query-input\":{\"@type\":\"PropertyValueSpecification\",\"valueRequired\":true,\"valueName\":\"search_term_string\"}}],\"inLanguage\":\"es\"},{\"@type\":\"Organization\",\"@id\":\"https:\\\/\\\/www.betterconsultants.com\\\/cas\\\/#organization\",\"name\":\"Better Consultants\",\"url\":\"https:\\\/\\\/www.betterconsultants.com\\\/cas\\\/\",\"logo\":{\"@type\":\"ImageObject\",\"inLanguage\":\"es\",\"@id\":\"https:\\\/\\\/www.betterconsultants.com\\\/cas\\\/#\\\/schema\\\/logo\\\/image\\\/\",\"url\":\"https:\\\/\\\/www.betterconsultants.com\\\/cas\\\/wp-content\\\/uploads\\\/2016\\\/10\\\/better-m-transp.png\",\"contentUrl\":\"https:\\\/\\\/www.betterconsultants.com\\\/cas\\\/wp-content\\\/uploads\\\/2016\\\/10\\\/better-m-transp.png\",\"width\":200,\"height\":82,\"caption\":\"Better Consultants\"},\"image\":{\"@id\":\"https:\\\/\\\/www.betterconsultants.com\\\/cas\\\/#\\\/schema\\\/logo\\\/image\\\/\"},\"sameAs\":[\"https:\\\/\\\/es.linkedin.com\\\/company\\\/betterconsultants\"]}]}<\/script>\n<!-- \/ Yoast SEO plugin. -->","yoast_head_json":{"title":"TOP 10 operaciones de carteras NPL en Espa\u00f1a 2021-2022 - Better Consultants","robots":{"index":"index","follow":"follow","max-snippet":"max-snippet:-1","max-image-preview":"max-image-preview:large","max-video-preview":"max-video-preview:-1"},"canonical":"https:\/\/www.betterconsultants.com\/cas\/top10-operaciones-ventas-cartera\/","og_locale":"es_ES","og_type":"article","og_title":"TOP 10 operaciones de carteras NPL en Espa\u00f1a 2021-2022 - Better Consultants","og_description":"TOP 10 operaciones de carteras NPL en Espa\u00f1a 2021-2023Consulte las caracter\u00edsticas de nuestra plataforma PMaP o vea tambi\u00e9n nuestros proyectos de gesti\u00f3n de activos inmobiliariosDe acuerdo con lo dispuesto en Reglamento (UE) 2016\/679 del Parlamento Europeo y del Consejo de 27 de abril de 2016 relativo a la protecci\u00f3n de las personas f\u00edsicas en lo [&hellip;]","og_url":"https:\/\/www.betterconsultants.com\/cas\/top10-operaciones-ventas-cartera\/","og_site_name":"Better Consultants","article_modified_time":"2025-03-25T12:59:44+00:00","twitter_card":"summary_large_image","twitter_misc":{"Tiempo de lectura":"9 minutos"},"schema":{"@context":"https:\/\/schema.org","@graph":[{"@type":"WebPage","@id":"https:\/\/www.betterconsultants.com\/cas\/top10-operaciones-ventas-cartera\/","url":"https:\/\/www.betterconsultants.com\/cas\/top10-operaciones-ventas-cartera\/","name":"TOP 10 operaciones de carteras NPL en Espa\u00f1a 2021-2022 - Better Consultants","isPartOf":{"@id":"https:\/\/www.betterconsultants.com\/cas\/#website"},"datePublished":"2022-10-10T11:16:34+00:00","dateModified":"2025-03-25T12:59:44+00:00","breadcrumb":{"@id":"https:\/\/www.betterconsultants.com\/cas\/top10-operaciones-ventas-cartera\/#breadcrumb"},"inLanguage":"es","potentialAction":[{"@type":"ReadAction","target":["https:\/\/www.betterconsultants.com\/cas\/top10-operaciones-ventas-cartera\/"]}]},{"@type":"BreadcrumbList","@id":"https:\/\/www.betterconsultants.com\/cas\/top10-operaciones-ventas-cartera\/#breadcrumb","itemListElement":[{"@type":"ListItem","position":1,"name":"Portada","item":"https:\/\/www.betterconsultants.com\/cas\/"},{"@type":"ListItem","position":2,"name":"TOP 10 operaciones de carteras NPL en Espa\u00f1a 2021-2022"}]},{"@type":"WebSite","@id":"https:\/\/www.betterconsultants.com\/cas\/#website","url":"https:\/\/www.betterconsultants.com\/cas\/","name":"Better Consultants","description":"consultoria - servicios TIC","publisher":{"@id":"https:\/\/www.betterconsultants.com\/cas\/#organization"},"potentialAction":[{"@type":"SearchAction","target":{"@type":"EntryPoint","urlTemplate":"https:\/\/www.betterconsultants.com\/cas\/?s={search_term_string}"},"query-input":{"@type":"PropertyValueSpecification","valueRequired":true,"valueName":"search_term_string"}}],"inLanguage":"es"},{"@type":"Organization","@id":"https:\/\/www.betterconsultants.com\/cas\/#organization","name":"Better Consultants","url":"https:\/\/www.betterconsultants.com\/cas\/","logo":{"@type":"ImageObject","inLanguage":"es","@id":"https:\/\/www.betterconsultants.com\/cas\/#\/schema\/logo\/image\/","url":"https:\/\/www.betterconsultants.com\/cas\/wp-content\/uploads\/2016\/10\/better-m-transp.png","contentUrl":"https:\/\/www.betterconsultants.com\/cas\/wp-content\/uploads\/2016\/10\/better-m-transp.png","width":200,"height":82,"caption":"Better Consultants"},"image":{"@id":"https:\/\/www.betterconsultants.com\/cas\/#\/schema\/logo\/image\/"},"sameAs":["https:\/\/es.linkedin.com\/company\/betterconsultants"]}]}},"_links":{"self":[{"href":"https:\/\/www.betterconsultants.com\/cas\/wp-json\/wp\/v2\/pages\/18518","targetHints":{"allow":["GET"]}}],"collection":[{"href":"https:\/\/www.betterconsultants.com\/cas\/wp-json\/wp\/v2\/pages"}],"about":[{"href":"https:\/\/www.betterconsultants.com\/cas\/wp-json\/wp\/v2\/types\/page"}],"author":[{"embeddable":true,"href":"https:\/\/www.betterconsultants.com\/cas\/wp-json\/wp\/v2\/users\/4"}],"replies":[{"embeddable":true,"href":"https:\/\/www.betterconsultants.com\/cas\/wp-json\/wp\/v2\/comments?post=18518"}],"version-history":[{"count":2,"href":"https:\/\/www.betterconsultants.com\/cas\/wp-json\/wp\/v2\/pages\/18518\/revisions"}],"predecessor-version":[{"id":19836,"href":"https:\/\/www.betterconsultants.com\/cas\/wp-json\/wp\/v2\/pages\/18518\/revisions\/19836"}],"wp:attachment":[{"href":"https:\/\/www.betterconsultants.com\/cas\/wp-json\/wp\/v2\/media?parent=18518"}],"curies":[{"name":"wp","href":"https:\/\/api.w.org\/{rel}","templated":true}]}}