{"id":19508,"date":"2025-02-28T22:51:41","date_gmt":"2025-02-28T21:51:41","guid":{"rendered":"https:\/\/www.betterconsultants.com\/cas\/?page_id=19508"},"modified":"2025-02-28T22:53:08","modified_gmt":"2025-02-28T21:53:08","slug":"acta-transformacion-sociedad-anonima","status":"publish","type":"page","link":"https:\/\/www.betterconsultants.com\/cas\/acta-transformacion-sociedad-anonima\/","title":{"rendered":"Acta Transformaci\u00f3n Sociedad An\u00f3nima"},"content":{"rendered":"<p>[et_pb_section fb_built=\u00bb1&#8243; fullwidth=\u00bbon\u00bb _builder_version=\u00bb3.19.9&#8243; module_alignment=\u00bbcenter\u00bb custom_margin=\u00bb15px|||\u00bb custom_padding=\u00bb0px|0px|0px|0px\u00bb global_module=\u00bb6089&#8243; locked=\u00bboff\u00bb global_colors_info=\u00bb{}\u00bb][\/et_pb_section][et_pb_section fb_built=\u00bb1&#8243; admin_label=\u00bbsection\u00bb _builder_version=\u00bb4.16&#8243; global_colors_info=\u00bb{}\u00bb][et_pb_row _builder_version=\u00bb4.16&#8243; background_size=\u00bbinitial\u00bb background_position=\u00bbtop_left\u00bb background_repeat=\u00bbrepeat\u00bb global_colors_info=\u00bb{}\u00bb][et_pb_column type=\u00bb4_4&#8243; _builder_version=\u00bb4.16&#8243; custom_padding=\u00bb|||\u00bb global_colors_info=\u00bb{}\u00bb custom_padding__hover=\u00bb|||\u00bb][et_pb_image src=\u00bbhttps:\/\/www.betterconsultants.com\/cas\/wp-content\/uploads\/2016\/10\/better-m-transp.png\u00bb align=\u00bbcenter\u00bb align_tablet=\u00bbcenter\u00bb align_phone=\u00bbcenter\u00bb align_last_edited=\u00bbon|desktop\u00bb admin_label=\u00bbImagen\u00bb _builder_version=\u00bb4.27.0&#8243; animation_style=\u00bbfade\u00bb animation_direction=\u00bbfade_in\u00bb animation_duration=\u00bb500ms\u00bb border_color_all=\u00bb#ffffff\u00bb border_style_all=\u00bbsolid\u00bb animation=\u00bbfade_in\u00bb sticky=\u00bboff\u00bb use_border_color=\u00bboff\u00bb border_color=\u00bb#ffffff\u00bb border_style=\u00bbsolid\u00bb global_colors_info=\u00bb{}\u00bb][\/et_pb_image][et_pb_text admin_label=\u00bbTexto\u00bb _builder_version=\u00bb4.25.2&#8243; background_size=\u00bbinitial\u00bb background_position=\u00bbtop_left\u00bb background_repeat=\u00bbrepeat\u00bb text_orientation=\u00bbjustified\u00bb custom_padding=\u00bb35px|||||\u00bb use_border_color=\u00bboff\u00bb global_colors_info=\u00bb{}\u00bb]<\/p>\n<p>De conformidad con lo dispuesto en el art\u00edculo 10 del Real Decreto-ley 5\/2023,de 28 de junio, de transposici\u00f3n de Directivas de la Uni\u00f3n Europea en materia de modificaciones estructurales de Sociedades Mercantiles (Real Decreto-ley 5\/2023), se hace p\u00fablico que la junta general de socios de BETTER CONSULTANTS, S.R.L., celebrada con car\u00e1cter universal el dia 2 de julio de 2024, aprob\u00f3 por unanimidad su transformaci\u00f3n en Sociedad An\u00f3nima, pasando a denominarse BETTER CONSULTANTS, S.A.<\/p>\n<p>La Transformaci\u00f3n ha sido aprobada por unanimidad, ajust\u00e1ndose al proyecto de transformaci\u00f3n redactado y suscrito por el \u00f3rgano de administraci\u00f3n el 2 de julio de 2024, aprob\u00e1ndose por unanimidad el balance cerrado a 29 de febrero de 2024 como balance de transformaci\u00f3n, de acuerdo con lo dispuesto en los art\u00edculos 20 y 23 del Real Decreto-ley 5\/2023, as\u00ed como el nuevo texto de los estatutos sociales, cumpliendo con los requisitos y formalidades establecidos en la Ley de Sociedades de Capital para las sociedades an\u00f3nimas.<\/p>\n<p>De conformidad con lo dispuesto en el art\u00edculo 9.1 del Real Decreto-ley 5\/2023, se hace constar que se trata de una Transformaci\u00f3n interna, aprobada en junta universal y por unanimidad por todos los socios con derecho de voto, por lo que no result\u00f3 necesaria la previa publicaci\u00f3n o dep\u00f3sito del Proyecto de Transformaci\u00f3n ni de los restantes documentos exigidos por la Ley. Igualmente, y por los mismos motivos, se hace constar que tampoco fue necesario publicar el anuncio sobre la posibilidad de formular observaciones al Proyecto de Transformaci\u00f3n previsto en el art\u00edculo 7 del Real Decreto-ley 5\/2023.<\/p>\n<p>De conformidad con el art\u00edculo 10 del Real Decreto-ley 5\/2023, se hace constar el derecho que asiste a los acreedores de la Sociedad de obtener el texto \u00edntegro del acuerdo de transformaci\u00f3n y el balance aprobado.<\/p>\n<p>&nbsp;<\/p>\n<p>Barcelona, a 2 de julio de 2024<\/p>\n<p>Ricard Flores S\u00e1nchez<\/p>\n<p>Presidente del Consejo de Administraci\u00f3n<\/p>\n<p>[\/et_pb_text][\/et_pb_column][\/et_pb_row][\/et_pb_section]<\/p>\n","protected":false},"excerpt":{"rendered":"<p>[et_pb_section bb_built=\u00bb1&#8243; fullwidth=\u00bbon\u00bb specialty=\u00bboff\u00bb _builder_version=\u00bb3.0.91&#8243; box_shadow_color=\u00bbrgba(13,57,216,0.3)\u00bb parallax=\u00bbon\u00bb background_image=\u00bbhttps:\/\/www.betterconsultants.com\/cas\/wp-content\/uploads\/2014\/12\/FRanja2.jpg\u00bb parallax_method=\u00bbo&#8230;<\/p>\n","protected":false},"author":4,"featured_media":980,"parent":0,"menu_order":2,"comment_status":"closed","ping_status":"closed","template":"","meta":{"_et_pb_use_builder":"on","_et_pb_old_content":"<p>Las disposiciones que se incluyen es este Aviso Legal tienen como objeto regular la utilizaci\u00f3n de las p\u00e1ginas web\u00a0<a href=\"https:\/\/www.betterconsultants.es\/\">www.betterconsultants.es<\/a>, <a href=\"http:\/\/www.betterconsultants.cat\/\">www.betterconsultants.cat<\/a> y <a href=\"http:\/\/www.betterconsultants.eu\/\">www.betterconsultants.eu<\/a>, (en adelante \u201cP\u00e1ginas Web\u201d), que son propiedad exclusiva de Better Consultants SRL. Estas P\u00e1ginas Web se ponen a disposici\u00f3n de los usuarios de internet para conocimiento de nuestra organizaci\u00f3n, actividad, productos y servicios.<\/p><p>La utilizaci\u00f3n de las p\u00e1ginas Web otorga de forma impl\u00edcita la condici\u00f3n de usuario y supone la aceptaci\u00f3n de las condiciones establecidas en el presente aviso. Estas condiciones generales se rigen por la ley espa\u00f1ola.<\/p><p><strong>Identificaci\u00f3n<\/strong><\/p><p>Better Consultants SRL, tiene su domicilio social la calle Aribau 262, 08006 Barcelona, y est\u00e1 inscrita en el Registro Mercantil de Barcelona, Tomo 20.071, Folio 1, Hoja B-1141, inscripci\u00f3n 1\u00aa. \u00a0Better Consultants tiene CIF B-59150854.<\/p><p><strong>Derechos de propiedad<\/strong><\/p><p>Better Consultants SRL es titular de todos los derechos de propiedad industrial e intelectual de las P\u00e1ginas Web, en lo relativo a informaci\u00f3n presentada, dise\u00f1os, c\u00f3digos fuente, contenidos y dem\u00e1s componentes.<\/p><p>Los usuarios est\u00e1n autorizados a visualizar descargar e imprimir cualquier documento publicado por Better Consultants SRL en las P\u00e1ginas Web, teniendo en cuenta que el uso de dicha documentaci\u00f3n se puede utilizar exclusivamente con finalidades informativas, pero en ning\u00fan caso con fines comerciales. Los documentos deben necesariamente tener referencia al derecho de propiedad de Better Consultants SRL sobre la informaci\u00f3n presentada.<\/p><p>Las actuaciones que infrinjan las disposiciones que se expresan en el presente Aviso Legal pueden constituir una vulneraci\u00f3n de los derechos de propiedad intelectual e industrial protegidos en el Texto Refundido de la Ley de Propiedad Intelectual (TRLPI).<\/p><p><strong>Informaci\u00f3n presentada y limitaci\u00f3n de responsabilidad<\/strong><\/p><p>La utilizaci\u00f3n de estas P\u00e1ginas Web supone la plena aceptaci\u00f3n de todas las disposiciones incluidas en este Aviso Legal en el momento preciso en que el usuario acceda\u00a0 a las p\u00e1ginas.<\/p><p>La informaci\u00f3n de las P\u00e1ginas Web se presenta sin ning\u00fan tipo de garant\u00eda, y podr\u00e1 ser modificada en cualquier instante sin necesidad de preaviso. Better Consultants SRL no garantiza la exactitud o idoneidad de la informaci\u00f3n presentada.<\/p><p>Queda expl\u00edcitamente prohibida la modificaci\u00f3n, alteraci\u00f3n o adaptaci\u00f3n de las P\u00e1ginas Web tanto en lo referente a formato como a contenido informativo.<\/p><p>El establecimiento de enlaces externos desde las P\u00e1ginas Web no presupone en ning\u00fan caso la existencia de relaciones entre Better Consultants SRL \u00a0y el propietario de la web destino, ni la aceptaci\u00f3n y aprobaci\u00f3n por parte de Better Consultants SRL \u00a0de sus contenidos o servicios all\u00ed ofrecidos. Estos enlaces a otros sitios web no suponen en ning\u00fan caso ning\u00fan tipo de recomendaci\u00f3n de la web de destino, que se encuentran fuera del \u00e1mbito de Better Consultants SRL.<\/p><p>Better Consultants SRL no se hace responsable de ning\u00fan da\u00f1o o perjuicio en el software o equipos del usuario como consecuencia del acceso a las P\u00e1ginas Web, sus enlaces externos, o del uso de informaci\u00f3n presentada. As\u00ed mismo no se responsabiliza ni garantiza la disponibilidad y continuidad en el acceso a las P\u00e1ginas Web, o el hecho de que est\u00e9n libres de errores.<\/p><p><strong>Contacto<\/strong><\/p><p>Para cualquier sugerencia o aclaraci\u00f3n puede contactar con nosotros en la direcci\u00f3n de correo electr\u00f3nico:<a href=\"mailto:better@betterconsultants.es\">better@betterconsultants.es<\/a><\/p>","_et_gb_content_width":"","footnotes":""},"class_list":["post-19508","page","type-page","status-publish","has-post-thumbnail","hentry"],"yoast_head":"<!-- This site is optimized with the Yoast SEO plugin v27.3 - https:\/\/yoast.com\/product\/yoast-seo-wordpress\/ -->\n<title>Acta Transformaci\u00f3n Sociedad An\u00f3nima - Better Consultants<\/title>\n<meta name=\"robots\" content=\"index, follow, max-snippet:-1, max-image-preview:large, max-video-preview:-1\" \/>\n<link rel=\"canonical\" href=\"https:\/\/www.betterconsultants.com\/cas\/acta-transformacion-sociedad-anonima\/\" \/>\n<meta property=\"og:locale\" content=\"es_ES\" \/>\n<meta property=\"og:type\" content=\"article\" \/>\n<meta property=\"og:title\" content=\"Acta Transformaci\u00f3n Sociedad An\u00f3nima - Better Consultants\" \/>\n<meta property=\"og:description\" content=\"[et_pb_section bb_built=&quot;1&quot; fullwidth=&quot;on&quot; specialty=&quot;off&quot; _builder_version=&quot;3.0.91&quot; box_shadow_color=&quot;rgba(13,57,216,0.3)&quot; parallax=&quot;on&quot; background_image=&quot;https:\/\/www.betterconsultants.com\/cas\/wp-content\/uploads\/2014\/12\/FRanja2.jpg&quot; parallax_method=&quot;o...\" \/>\n<meta property=\"og:url\" content=\"https:\/\/www.betterconsultants.com\/cas\/acta-transformacion-sociedad-anonima\/\" \/>\n<meta property=\"og:site_name\" content=\"Better Consultants\" \/>\n<meta property=\"article:modified_time\" content=\"2025-02-28T21:53:08+00:00\" \/>\n<meta property=\"og:image\" content=\"https:\/\/www.betterconsultants.com\/cas\/wp-content\/uploads\/2016\/10\/Logo4.png\" \/>\n\t<meta property=\"og:image:width\" content=\"150\" \/>\n\t<meta property=\"og:image:height\" content=\"66\" \/>\n\t<meta property=\"og:image:type\" content=\"image\/png\" \/>\n<meta name=\"twitter:card\" content=\"summary_large_image\" \/>\n<meta name=\"twitter:label1\" content=\"Tiempo de lectura\" \/>\n\t<meta name=\"twitter:data1\" content=\"3 minutos\" \/>\n<script type=\"application\/ld+json\" class=\"yoast-schema-graph\">{\"@context\":\"https:\\\/\\\/schema.org\",\"@graph\":[{\"@type\":\"WebPage\",\"@id\":\"https:\\\/\\\/www.betterconsultants.com\\\/cas\\\/acta-transformacion-sociedad-anonima\\\/\",\"url\":\"https:\\\/\\\/www.betterconsultants.com\\\/cas\\\/acta-transformacion-sociedad-anonima\\\/\",\"name\":\"Acta Transformaci\u00f3n Sociedad An\u00f3nima - Better Consultants\",\"isPartOf\":{\"@id\":\"https:\\\/\\\/www.betterconsultants.com\\\/cas\\\/#website\"},\"primaryImageOfPage\":{\"@id\":\"https:\\\/\\\/www.betterconsultants.com\\\/cas\\\/acta-transformacion-sociedad-anonima\\\/#primaryimage\"},\"image\":{\"@id\":\"https:\\\/\\\/www.betterconsultants.com\\\/cas\\\/acta-transformacion-sociedad-anonima\\\/#primaryimage\"},\"thumbnailUrl\":\"https:\\\/\\\/www.betterconsultants.com\\\/cas\\\/wp-content\\\/uploads\\\/2016\\\/10\\\/Logo4.png\",\"datePublished\":\"2025-02-28T21:51:41+00:00\",\"dateModified\":\"2025-02-28T21:53:08+00:00\",\"breadcrumb\":{\"@id\":\"https:\\\/\\\/www.betterconsultants.com\\\/cas\\\/acta-transformacion-sociedad-anonima\\\/#breadcrumb\"},\"inLanguage\":\"es\",\"potentialAction\":[{\"@type\":\"ReadAction\",\"target\":[\"https:\\\/\\\/www.betterconsultants.com\\\/cas\\\/acta-transformacion-sociedad-anonima\\\/\"]}]},{\"@type\":\"ImageObject\",\"inLanguage\":\"es\",\"@id\":\"https:\\\/\\\/www.betterconsultants.com\\\/cas\\\/acta-transformacion-sociedad-anonima\\\/#primaryimage\",\"url\":\"https:\\\/\\\/www.betterconsultants.com\\\/cas\\\/wp-content\\\/uploads\\\/2016\\\/10\\\/Logo4.png\",\"contentUrl\":\"https:\\\/\\\/www.betterconsultants.com\\\/cas\\\/wp-content\\\/uploads\\\/2016\\\/10\\\/Logo4.png\",\"width\":150,\"height\":66},{\"@type\":\"BreadcrumbList\",\"@id\":\"https:\\\/\\\/www.betterconsultants.com\\\/cas\\\/acta-transformacion-sociedad-anonima\\\/#breadcrumb\",\"itemListElement\":[{\"@type\":\"ListItem\",\"position\":1,\"name\":\"Portada\",\"item\":\"https:\\\/\\\/www.betterconsultants.com\\\/cas\\\/\"},{\"@type\":\"ListItem\",\"position\":2,\"name\":\"Acta Transformaci\u00f3n Sociedad An\u00f3nima\"}]},{\"@type\":\"WebSite\",\"@id\":\"https:\\\/\\\/www.betterconsultants.com\\\/cas\\\/#website\",\"url\":\"https:\\\/\\\/www.betterconsultants.com\\\/cas\\\/\",\"name\":\"Better Consultants\",\"description\":\"consultoria - servicios TIC\",\"publisher\":{\"@id\":\"https:\\\/\\\/www.betterconsultants.com\\\/cas\\\/#organization\"},\"potentialAction\":[{\"@type\":\"SearchAction\",\"target\":{\"@type\":\"EntryPoint\",\"urlTemplate\":\"https:\\\/\\\/www.betterconsultants.com\\\/cas\\\/?s={search_term_string}\"},\"query-input\":{\"@type\":\"PropertyValueSpecification\",\"valueRequired\":true,\"valueName\":\"search_term_string\"}}],\"inLanguage\":\"es\"},{\"@type\":\"Organization\",\"@id\":\"https:\\\/\\\/www.betterconsultants.com\\\/cas\\\/#organization\",\"name\":\"Better Consultants\",\"url\":\"https:\\\/\\\/www.betterconsultants.com\\\/cas\\\/\",\"logo\":{\"@type\":\"ImageObject\",\"inLanguage\":\"es\",\"@id\":\"https:\\\/\\\/www.betterconsultants.com\\\/cas\\\/#\\\/schema\\\/logo\\\/image\\\/\",\"url\":\"https:\\\/\\\/www.betterconsultants.com\\\/cas\\\/wp-content\\\/uploads\\\/2016\\\/10\\\/better-m-transp.png\",\"contentUrl\":\"https:\\\/\\\/www.betterconsultants.com\\\/cas\\\/wp-content\\\/uploads\\\/2016\\\/10\\\/better-m-transp.png\",\"width\":200,\"height\":82,\"caption\":\"Better Consultants\"},\"image\":{\"@id\":\"https:\\\/\\\/www.betterconsultants.com\\\/cas\\\/#\\\/schema\\\/logo\\\/image\\\/\"},\"sameAs\":[\"https:\\\/\\\/es.linkedin.com\\\/company\\\/betterconsultants\"]}]}<\/script>\n<!-- \/ Yoast SEO plugin. -->","yoast_head_json":{"title":"Acta Transformaci\u00f3n Sociedad An\u00f3nima - Better Consultants","robots":{"index":"index","follow":"follow","max-snippet":"max-snippet:-1","max-image-preview":"max-image-preview:large","max-video-preview":"max-video-preview:-1"},"canonical":"https:\/\/www.betterconsultants.com\/cas\/acta-transformacion-sociedad-anonima\/","og_locale":"es_ES","og_type":"article","og_title":"Acta Transformaci\u00f3n Sociedad An\u00f3nima - Better Consultants","og_description":"[et_pb_section bb_built=\"1\" fullwidth=\"on\" specialty=\"off\" _builder_version=\"3.0.91\" box_shadow_color=\"rgba(13,57,216,0.3)\" parallax=\"on\" background_image=\"https:\/\/www.betterconsultants.com\/cas\/wp-content\/uploads\/2014\/12\/FRanja2.jpg\" parallax_method=\"o...","og_url":"https:\/\/www.betterconsultants.com\/cas\/acta-transformacion-sociedad-anonima\/","og_site_name":"Better Consultants","article_modified_time":"2025-02-28T21:53:08+00:00","og_image":[{"width":150,"height":66,"url":"https:\/\/www.betterconsultants.com\/cas\/wp-content\/uploads\/2016\/10\/Logo4.png","type":"image\/png"}],"twitter_card":"summary_large_image","twitter_misc":{"Tiempo de lectura":"3 minutos"},"schema":{"@context":"https:\/\/schema.org","@graph":[{"@type":"WebPage","@id":"https:\/\/www.betterconsultants.com\/cas\/acta-transformacion-sociedad-anonima\/","url":"https:\/\/www.betterconsultants.com\/cas\/acta-transformacion-sociedad-anonima\/","name":"Acta Transformaci\u00f3n Sociedad An\u00f3nima - Better Consultants","isPartOf":{"@id":"https:\/\/www.betterconsultants.com\/cas\/#website"},"primaryImageOfPage":{"@id":"https:\/\/www.betterconsultants.com\/cas\/acta-transformacion-sociedad-anonima\/#primaryimage"},"image":{"@id":"https:\/\/www.betterconsultants.com\/cas\/acta-transformacion-sociedad-anonima\/#primaryimage"},"thumbnailUrl":"https:\/\/www.betterconsultants.com\/cas\/wp-content\/uploads\/2016\/10\/Logo4.png","datePublished":"2025-02-28T21:51:41+00:00","dateModified":"2025-02-28T21:53:08+00:00","breadcrumb":{"@id":"https:\/\/www.betterconsultants.com\/cas\/acta-transformacion-sociedad-anonima\/#breadcrumb"},"inLanguage":"es","potentialAction":[{"@type":"ReadAction","target":["https:\/\/www.betterconsultants.com\/cas\/acta-transformacion-sociedad-anonima\/"]}]},{"@type":"ImageObject","inLanguage":"es","@id":"https:\/\/www.betterconsultants.com\/cas\/acta-transformacion-sociedad-anonima\/#primaryimage","url":"https:\/\/www.betterconsultants.com\/cas\/wp-content\/uploads\/2016\/10\/Logo4.png","contentUrl":"https:\/\/www.betterconsultants.com\/cas\/wp-content\/uploads\/2016\/10\/Logo4.png","width":150,"height":66},{"@type":"BreadcrumbList","@id":"https:\/\/www.betterconsultants.com\/cas\/acta-transformacion-sociedad-anonima\/#breadcrumb","itemListElement":[{"@type":"ListItem","position":1,"name":"Portada","item":"https:\/\/www.betterconsultants.com\/cas\/"},{"@type":"ListItem","position":2,"name":"Acta Transformaci\u00f3n Sociedad An\u00f3nima"}]},{"@type":"WebSite","@id":"https:\/\/www.betterconsultants.com\/cas\/#website","url":"https:\/\/www.betterconsultants.com\/cas\/","name":"Better Consultants","description":"consultoria - servicios TIC","publisher":{"@id":"https:\/\/www.betterconsultants.com\/cas\/#organization"},"potentialAction":[{"@type":"SearchAction","target":{"@type":"EntryPoint","urlTemplate":"https:\/\/www.betterconsultants.com\/cas\/?s={search_term_string}"},"query-input":{"@type":"PropertyValueSpecification","valueRequired":true,"valueName":"search_term_string"}}],"inLanguage":"es"},{"@type":"Organization","@id":"https:\/\/www.betterconsultants.com\/cas\/#organization","name":"Better Consultants","url":"https:\/\/www.betterconsultants.com\/cas\/","logo":{"@type":"ImageObject","inLanguage":"es","@id":"https:\/\/www.betterconsultants.com\/cas\/#\/schema\/logo\/image\/","url":"https:\/\/www.betterconsultants.com\/cas\/wp-content\/uploads\/2016\/10\/better-m-transp.png","contentUrl":"https:\/\/www.betterconsultants.com\/cas\/wp-content\/uploads\/2016\/10\/better-m-transp.png","width":200,"height":82,"caption":"Better Consultants"},"image":{"@id":"https:\/\/www.betterconsultants.com\/cas\/#\/schema\/logo\/image\/"},"sameAs":["https:\/\/es.linkedin.com\/company\/betterconsultants"]}]}},"_links":{"self":[{"href":"https:\/\/www.betterconsultants.com\/cas\/wp-json\/wp\/v2\/pages\/19508","targetHints":{"allow":["GET"]}}],"collection":[{"href":"https:\/\/www.betterconsultants.com\/cas\/wp-json\/wp\/v2\/pages"}],"about":[{"href":"https:\/\/www.betterconsultants.com\/cas\/wp-json\/wp\/v2\/types\/page"}],"author":[{"embeddable":true,"href":"https:\/\/www.betterconsultants.com\/cas\/wp-json\/wp\/v2\/users\/4"}],"replies":[{"embeddable":true,"href":"https:\/\/www.betterconsultants.com\/cas\/wp-json\/wp\/v2\/comments?post=19508"}],"version-history":[{"count":2,"href":"https:\/\/www.betterconsultants.com\/cas\/wp-json\/wp\/v2\/pages\/19508\/revisions"}],"predecessor-version":[{"id":19510,"href":"https:\/\/www.betterconsultants.com\/cas\/wp-json\/wp\/v2\/pages\/19508\/revisions\/19510"}],"wp:featuredmedia":[{"embeddable":true,"href":"https:\/\/www.betterconsultants.com\/cas\/wp-json\/wp\/v2\/media\/980"}],"wp:attachment":[{"href":"https:\/\/www.betterconsultants.com\/cas\/wp-json\/wp\/v2\/media?parent=19508"}],"curies":[{"name":"wp","href":"https:\/\/api.w.org\/{rel}","templated":true}]}}