{"id":530,"date":"2016-10-16T17:19:37","date_gmt":"2016-10-16T15:19:37","guid":{"rendered":"http:\/\/betterconsultants.es\/wordpress\/?page_id=530"},"modified":"2019-01-28T14:18:34","modified_gmt":"2019-01-28T13:18:34","slug":"renting-leasing-e-cotizador","status":"publish","type":"page","link":"https:\/\/www.betterconsultants.com\/cas\/renting-leasing-e-cotizador\/","title":{"rendered":"Renting: e-Cotizador"},"content":{"rendered":"<p>[et_pb_section fb_built=\u00bb1&#8243; custom_padding_last_edited=\u00bboff|desktop\u00bb admin_label=\u00bbsection\u00bb _builder_version=\u00bb3.19.9&#8243; background_image=\u00bbhttps:\/\/www.betterconsultants.com\/cas\/wp-content\/uploads\/2018\/01\/nuevoauto2.jpg\u00bb animation_style=\u00bbzoom\u00bb animation_intensity_zoom=\u00bb2%\u00bb][et_pb_row custom_padding=\u00bb230px|0px|230px|0px\u00bb custom_padding_tablet=\u00bb140px|0px|140px|0px\u00bb custom_padding_phone=\u00bb80px|0px|80px|0px\u00bb custom_padding_last_edited=\u00bbon|phone\u00bb _builder_version=\u00bb3.0.105&#8243;][et_pb_column type=\u00bb4_4&#8243; _builder_version=\u00bb3.0.47&#8243; parallax=\u00bboff\u00bb parallax_method=\u00bbon\u00bb][\/et_pb_column][\/et_pb_row][\/et_pb_section][et_pb_section fb_built=\u00bb1&#8243; _builder_version=\u00bb3.0.47&#8243;][et_pb_row custom_padding=\u00bb90px|0px|30px|0px\u00bb _builder_version=\u00bb3.0.105&#8243;][et_pb_column type=\u00bb1_2&#8243; _builder_version=\u00bb3.0.47&#8243; parallax=\u00bboff\u00bb parallax_method=\u00bbon\u00bb][et_pb_text _builder_version=\u00bb3.0.105&#8243; text_font=\u00bb|300|||||||\u00bb header_text_color=\u00bb#000000&#8243; header_font_size_tablet=\u00bb32px\u00bb header_font_size_phone=\u00bb28px\u00bb header_font_size_last_edited=\u00bbon|desktop\u00bb header_4_text_color=\u00bb#ffffff\u00bb background_color=\u00bb#ffffff\u00bb box_shadow_style=\u00bbpreset1&#8243; background_layout=\u00bbdark\u00bb custom_margin=\u00bb-180px|||\u00bb custom_margin_last_edited=\u00bbon|desktop\u00bb custom_padding=\u00bb30px|30px|30px|30px\u00bb custom_padding_tablet=\u00bb80px|30px|43px|30px\u00bb custom_padding_last_edited=\u00bbon|desktop\u00bb animation_style=\u00bbslide\u00bb animation_direction=\u00bbleft\u00bb animation_duration=\u00bb500ms\u00bb animation_intensity_slide=\u00bb30%\u00bb animation_starting_opacity=\u00bb20%\u00bb]<\/p>\n<h1><\/h1>\n<h1>Renting: e-Cotizador<\/h1>\n<p>[\/et_pb_text][\/et_pb_column][et_pb_column type=\u00bb1_2&#8243; _builder_version=\u00bb3.0.47&#8243; parallax=\u00bboff\u00bb parallax_method=\u00bbon\u00bb][\/et_pb_column][\/et_pb_row][\/et_pb_section][et_pb_section fb_built=\u00bb1&#8243; admin_label=\u00bbsection\u00bb _builder_version=\u00bb3.0.47&#8243;][et_pb_row _builder_version=\u00bb3.0.48&#8243; background_size=\u00bbinitial\u00bb background_position=\u00bbtop_left\u00bb background_repeat=\u00bbrepeat\u00bb][et_pb_column type=\u00bb1_2&#8243; _builder_version=\u00bb3.0.47&#8243; parallax=\u00bboff\u00bb parallax_method=\u00bbon\u00bb][et_pb_text _builder_version=\u00bb3.0.95&#8243; custom_padding=\u00bb20px|20px|20px|20px\u00bb]<\/p>\n<p style=\"text-align: left;\"><strong>e-Cotizador<\/strong> es un paquete de software desarrollado por nuestra Firma que cubre las funciones del ciclo inicial del renting de veh\u00edculos:<\/p>\n<ul style=\"text-align: left;\">\n<li>Definici\u00f3n del producto,<\/li>\n<li>Cotizaci\u00f3n y preparaci\u00f3n de la oferta comercial,<\/li>\n<li>Adquisici\u00f3n, entrega y activaci\u00f3n del bien.<\/li>\n<\/ul>\n<p style=\"text-align: left;\">Todas las funciones est\u00e1n disponibles en un entorno de navegador web, y se ejecutan en tiempo real. Incluye la compra, el aprovisionamiento y la gesti\u00f3n de la entrega al cliente de los bienes y servicios contratados.<\/p>\n<p>[\/et_pb_text][\/et_pb_column][et_pb_column type=\u00bb1_2&#8243; _builder_version=\u00bb3.0.47&#8243; parallax=\u00bboff\u00bb parallax_method=\u00bbon\u00bb][et_pb_image src=\u00bbhttps:\/\/www.betterconsultants.com\/cas\/wp-content\/uploads\/2018\/01\/grupo-autos.jpg\u00bb align=\u00bbcenter\u00bb force_fullwidth=\u00bbon\u00bb admin_label=\u00bbImagen\u00bb _builder_version=\u00bb3.19.9&#8243; animation_style=\u00bbzoom\u00bb use_border_color=\u00bboff\u00bb animation_intensity_zoom=\u00bb2%\u00bb][\/et_pb_image][et_pb_divider show_divider=\u00bboff\u00bb height=\u00bb51px\u00bb _builder_version=\u00bb3.0.92&#8243;][\/et_pb_divider][\/et_pb_column][\/et_pb_row][et_pb_row _builder_version=\u00bb3.0.48&#8243; background_size=\u00bbinitial\u00bb background_position=\u00bbtop_left\u00bb background_repeat=\u00bbrepeat\u00bb][et_pb_column type=\u00bb1_2&#8243; _builder_version=\u00bb3.0.47&#8243; parallax=\u00bboff\u00bb parallax_method=\u00bbon\u00bb][et_pb_image src=\u00bbhttps:\/\/www.betterconsultants.com\/cas\/wp-content\/uploads\/2018\/01\/ServicioAuto.jpg\u00bb align=\u00bbcenter\u00bb force_fullwidth=\u00bbon\u00bb admin_label=\u00bbImagen\u00bb _builder_version=\u00bb3.19.9&#8243; animation_style=\u00bbzoom\u00bb use_border_color=\u00bboff\u00bb animation_intensity_zoom=\u00bb2%\u00bb][\/et_pb_image][et_pb_text admin_label=\u00bbTexto\u00bb _builder_version=\u00bb3.0.106&#8243; background_size=\u00bbinitial\u00bb background_position=\u00bbtop_left\u00bb background_repeat=\u00bbrepeat\u00bb text_orientation=\u00bbjustified\u00bb use_border_color=\u00bboff\u00bb]<a href=\"https:\/\/www.betterconsultants.com\/cas\/wp-content\/uploads\/2016\/10\/e-cotizador-Data-Sheet.pdf\" target=\"_blank\" rel=\"noopener\">e-cotizador-data-sheet<\/a><br \/>\n[\/et_pb_text][\/et_pb_column][et_pb_column type=\u00bb1_2&#8243; _builder_version=\u00bb3.0.47&#8243; parallax=\u00bboff\u00bb parallax_method=\u00bbon\u00bb][et_pb_text _builder_version=\u00bb3.0.106&#8243; custom_padding=\u00bb20px|20px|20px|20px\u00bb]Homogeneiza y unifica la herramienta para la cotizaci\u00f3n de bienes y servicios de renting.<\/p>\n<p>Todos los canales disponen de la misma plataforma de software, con distintos perfiles de usuario<\/p>\n<p>Facilita la gesti\u00f3n y seguimiento comercial de las ofertas (configuraci\u00f3n del bien, cotizaci\u00f3n de los productos y servicios, elaboraci\u00f3n y seguimiento de las ofertas hasta la contrataci\u00f3n).<\/p>\n<p>Enlaza con el sistema de administraci\u00f3n del Renting propio de cada entidad, sin realizar costosas adaptaciones<br \/>\n[\/et_pb_text][\/et_pb_column][\/et_pb_row][\/et_pb_section]<\/p>\n","protected":false},"excerpt":{"rendered":"<p>[et_pb_section bb_built=\u00bb1&#8243; admin_label=\u00bbsection\u00bb custom_padding_last_edited=\u00bboff|desktop\u00bb _builder_version=\u00bb3.0.105&#8243; background_image=\u00bbhttps:\/\/www.betterconsultants.com\/cas\/wp-content\/uploads\/2018\/01\/nuevoauto2.jpg\u00bb next_background_color=\u00bb#000000&#8243;][et&#8230;<\/p>\n","protected":false},"author":4,"featured_media":9166,"parent":0,"menu_order":0,"comment_status":"closed","ping_status":"closed","template":"","meta":{"_et_pb_use_builder":"on","_et_pb_old_content":"<p>e-Cotizador (<a href=\"http:\/\/www.e-cotizador.es\/\" target=\"_blank\">http:\/\/www.e-cotizador.es<\/a>) es un paquete de software desarrollado por nuestra Firma que cubre las funciones del ciclo inicial del renting de veh\u00edculos:<\/p><ul><li>Definici\u00f3n del producto,<\/li><li>Cotizaci\u00f3n y preparaci\u00f3n de la oferta comercial,<\/li><li>Adquisici\u00f3n, entrega y activaci\u00f3n del bien.<\/li><\/ul><p>\u00a0<\/p><p>Todas las funciones est\u00e1n disponibles en un entorno de navegador web, y se ejecutan en tiempo real. Incluye la compra, el aprovisionamiento y la gesti\u00f3n de la entrega al cliente de los bienes y servicios contratados.<\/p><ul><li>Homogeneiza y unifica la herramienta para la cotizaci\u00f3n de bienes y servicios de renting.<\/li><li>Todos los canales disponen de la misma plataforma de software, con distintos perfiles de usuario<\/li><li>Facilita la gesti\u00f3n y seguimiento comercial de las ofertas (configuraci\u00f3n del bien, cotizaci\u00f3n de los productos y servicios, elaboraci\u00f3n y seguimiento de las ofertas hasta la contrataci\u00f3n).<\/li><li>Enlaza con el sistema de administraci\u00f3n del Renting propio de cada Entidad, sin realizar costosas adaptaciones<\/li><\/ul><p>\u00a0<\/p><p><a href=\"http:\/\/betterconsultants.es\/wordpress\/wp-content\/uploads\/2016\/10\/e-cotizador-Data-Sheet.pdf\">e-cotizador-data-sheet<\/a><\/p>","_et_gb_content_width":"","footnotes":""},"class_list":["post-530","page","type-page","status-publish","has-post-thumbnail","hentry"],"yoast_head":"<!-- This site is optimized with the Yoast SEO plugin v27.3 - https:\/\/yoast.com\/product\/yoast-seo-wordpress\/ -->\n<title>Renting: e-Cotizador - Better Consultants<\/title>\n<meta name=\"robots\" content=\"index, follow, max-snippet:-1, max-image-preview:large, max-video-preview:-1\" \/>\n<link rel=\"canonical\" href=\"https:\/\/www.betterconsultants.com\/cas\/renting-leasing-e-cotizador\/\" \/>\n<meta property=\"og:locale\" content=\"es_ES\" \/>\n<meta property=\"og:type\" content=\"article\" \/>\n<meta property=\"og:title\" content=\"Renting: e-Cotizador - Better Consultants\" \/>\n<meta property=\"og:description\" content=\"[et_pb_section bb_built=&quot;1&quot; admin_label=&quot;section&quot; custom_padding_last_edited=&quot;off|desktop&quot; _builder_version=&quot;3.0.105&quot; background_image=&quot;http:\/\/www.betterconsultants.com\/cas\/wp-content\/uploads\/2018\/01\/nuevoauto2.jpg&quot; next_background_color=&quot;#000000&quot;][et...\" \/>\n<meta property=\"og:url\" content=\"https:\/\/www.betterconsultants.com\/cas\/renting-leasing-e-cotizador\/\" \/>\n<meta property=\"og:site_name\" content=\"Better Consultants\" \/>\n<meta property=\"article:modified_time\" content=\"2019-01-28T13:18:34+00:00\" \/>\n<meta property=\"og:image\" content=\"https:\/\/www.betterconsultants.com\/cas\/wp-content\/uploads\/2018\/01\/nuevoauto2.jpg\" \/>\n\t<meta property=\"og:image:width\" content=\"599\" \/>\n\t<meta property=\"og:image:height\" content=\"283\" \/>\n\t<meta property=\"og:image:type\" content=\"image\/jpeg\" \/>\n<meta name=\"twitter:card\" content=\"summary_large_image\" \/>\n<meta name=\"twitter:label1\" content=\"Tiempo de lectura\" \/>\n\t<meta name=\"twitter:data1\" content=\"3 minutos\" \/>\n<script type=\"application\/ld+json\" class=\"yoast-schema-graph\">{\"@context\":\"https:\\\/\\\/schema.org\",\"@graph\":[{\"@type\":\"WebPage\",\"@id\":\"https:\\\/\\\/www.betterconsultants.com\\\/cas\\\/renting-leasing-e-cotizador\\\/\",\"url\":\"https:\\\/\\\/www.betterconsultants.com\\\/cas\\\/renting-leasing-e-cotizador\\\/\",\"name\":\"Renting: e-Cotizador - Better Consultants\",\"isPartOf\":{\"@id\":\"https:\\\/\\\/www.betterconsultants.com\\\/cas\\\/#website\"},\"primaryImageOfPage\":{\"@id\":\"https:\\\/\\\/www.betterconsultants.com\\\/cas\\\/renting-leasing-e-cotizador\\\/#primaryimage\"},\"image\":{\"@id\":\"https:\\\/\\\/www.betterconsultants.com\\\/cas\\\/renting-leasing-e-cotizador\\\/#primaryimage\"},\"thumbnailUrl\":\"https:\\\/\\\/www.betterconsultants.com\\\/cas\\\/wp-content\\\/uploads\\\/2018\\\/01\\\/nuevoauto2.jpg\",\"datePublished\":\"2016-10-16T15:19:37+00:00\",\"dateModified\":\"2019-01-28T13:18:34+00:00\",\"breadcrumb\":{\"@id\":\"https:\\\/\\\/www.betterconsultants.com\\\/cas\\\/renting-leasing-e-cotizador\\\/#breadcrumb\"},\"inLanguage\":\"es\",\"potentialAction\":[{\"@type\":\"ReadAction\",\"target\":[\"https:\\\/\\\/www.betterconsultants.com\\\/cas\\\/renting-leasing-e-cotizador\\\/\"]}]},{\"@type\":\"ImageObject\",\"inLanguage\":\"es\",\"@id\":\"https:\\\/\\\/www.betterconsultants.com\\\/cas\\\/renting-leasing-e-cotizador\\\/#primaryimage\",\"url\":\"https:\\\/\\\/www.betterconsultants.com\\\/cas\\\/wp-content\\\/uploads\\\/2018\\\/01\\\/nuevoauto2.jpg\",\"contentUrl\":\"https:\\\/\\\/www.betterconsultants.com\\\/cas\\\/wp-content\\\/uploads\\\/2018\\\/01\\\/nuevoauto2.jpg\",\"width\":599,\"height\":283},{\"@type\":\"BreadcrumbList\",\"@id\":\"https:\\\/\\\/www.betterconsultants.com\\\/cas\\\/renting-leasing-e-cotizador\\\/#breadcrumb\",\"itemListElement\":[{\"@type\":\"ListItem\",\"position\":1,\"name\":\"Portada\",\"item\":\"https:\\\/\\\/www.betterconsultants.com\\\/cas\\\/\"},{\"@type\":\"ListItem\",\"position\":2,\"name\":\"Renting: e-Cotizador\"}]},{\"@type\":\"WebSite\",\"@id\":\"https:\\\/\\\/www.betterconsultants.com\\\/cas\\\/#website\",\"url\":\"https:\\\/\\\/www.betterconsultants.com\\\/cas\\\/\",\"name\":\"Better Consultants\",\"description\":\"consultoria - servicios TIC\",\"publisher\":{\"@id\":\"https:\\\/\\\/www.betterconsultants.com\\\/cas\\\/#organization\"},\"potentialAction\":[{\"@type\":\"SearchAction\",\"target\":{\"@type\":\"EntryPoint\",\"urlTemplate\":\"https:\\\/\\\/www.betterconsultants.com\\\/cas\\\/?s={search_term_string}\"},\"query-input\":{\"@type\":\"PropertyValueSpecification\",\"valueRequired\":true,\"valueName\":\"search_term_string\"}}],\"inLanguage\":\"es\"},{\"@type\":\"Organization\",\"@id\":\"https:\\\/\\\/www.betterconsultants.com\\\/cas\\\/#organization\",\"name\":\"Better Consultants\",\"url\":\"https:\\\/\\\/www.betterconsultants.com\\\/cas\\\/\",\"logo\":{\"@type\":\"ImageObject\",\"inLanguage\":\"es\",\"@id\":\"https:\\\/\\\/www.betterconsultants.com\\\/cas\\\/#\\\/schema\\\/logo\\\/image\\\/\",\"url\":\"https:\\\/\\\/www.betterconsultants.com\\\/cas\\\/wp-content\\\/uploads\\\/2016\\\/10\\\/better-m-transp.png\",\"contentUrl\":\"https:\\\/\\\/www.betterconsultants.com\\\/cas\\\/wp-content\\\/uploads\\\/2016\\\/10\\\/better-m-transp.png\",\"width\":200,\"height\":82,\"caption\":\"Better Consultants\"},\"image\":{\"@id\":\"https:\\\/\\\/www.betterconsultants.com\\\/cas\\\/#\\\/schema\\\/logo\\\/image\\\/\"},\"sameAs\":[\"https:\\\/\\\/es.linkedin.com\\\/company\\\/betterconsultants\"]}]}<\/script>\n<!-- \/ Yoast SEO plugin. -->","yoast_head_json":{"title":"Renting: e-Cotizador - Better Consultants","robots":{"index":"index","follow":"follow","max-snippet":"max-snippet:-1","max-image-preview":"max-image-preview:large","max-video-preview":"max-video-preview:-1"},"canonical":"https:\/\/www.betterconsultants.com\/cas\/renting-leasing-e-cotizador\/","og_locale":"es_ES","og_type":"article","og_title":"Renting: e-Cotizador - Better Consultants","og_description":"[et_pb_section bb_built=\"1\" admin_label=\"section\" custom_padding_last_edited=\"off|desktop\" _builder_version=\"3.0.105\" background_image=\"http:\/\/www.betterconsultants.com\/cas\/wp-content\/uploads\/2018\/01\/nuevoauto2.jpg\" next_background_color=\"#000000\"][et...","og_url":"https:\/\/www.betterconsultants.com\/cas\/renting-leasing-e-cotizador\/","og_site_name":"Better Consultants","article_modified_time":"2019-01-28T13:18:34+00:00","og_image":[{"width":599,"height":283,"url":"https:\/\/www.betterconsultants.com\/cas\/wp-content\/uploads\/2018\/01\/nuevoauto2.jpg","type":"image\/jpeg"}],"twitter_card":"summary_large_image","twitter_misc":{"Tiempo de lectura":"3 minutos"},"schema":{"@context":"https:\/\/schema.org","@graph":[{"@type":"WebPage","@id":"https:\/\/www.betterconsultants.com\/cas\/renting-leasing-e-cotizador\/","url":"https:\/\/www.betterconsultants.com\/cas\/renting-leasing-e-cotizador\/","name":"Renting: e-Cotizador - Better Consultants","isPartOf":{"@id":"https:\/\/www.betterconsultants.com\/cas\/#website"},"primaryImageOfPage":{"@id":"https:\/\/www.betterconsultants.com\/cas\/renting-leasing-e-cotizador\/#primaryimage"},"image":{"@id":"https:\/\/www.betterconsultants.com\/cas\/renting-leasing-e-cotizador\/#primaryimage"},"thumbnailUrl":"https:\/\/www.betterconsultants.com\/cas\/wp-content\/uploads\/2018\/01\/nuevoauto2.jpg","datePublished":"2016-10-16T15:19:37+00:00","dateModified":"2019-01-28T13:18:34+00:00","breadcrumb":{"@id":"https:\/\/www.betterconsultants.com\/cas\/renting-leasing-e-cotizador\/#breadcrumb"},"inLanguage":"es","potentialAction":[{"@type":"ReadAction","target":["https:\/\/www.betterconsultants.com\/cas\/renting-leasing-e-cotizador\/"]}]},{"@type":"ImageObject","inLanguage":"es","@id":"https:\/\/www.betterconsultants.com\/cas\/renting-leasing-e-cotizador\/#primaryimage","url":"https:\/\/www.betterconsultants.com\/cas\/wp-content\/uploads\/2018\/01\/nuevoauto2.jpg","contentUrl":"https:\/\/www.betterconsultants.com\/cas\/wp-content\/uploads\/2018\/01\/nuevoauto2.jpg","width":599,"height":283},{"@type":"BreadcrumbList","@id":"https:\/\/www.betterconsultants.com\/cas\/renting-leasing-e-cotizador\/#breadcrumb","itemListElement":[{"@type":"ListItem","position":1,"name":"Portada","item":"https:\/\/www.betterconsultants.com\/cas\/"},{"@type":"ListItem","position":2,"name":"Renting: e-Cotizador"}]},{"@type":"WebSite","@id":"https:\/\/www.betterconsultants.com\/cas\/#website","url":"https:\/\/www.betterconsultants.com\/cas\/","name":"Better Consultants","description":"consultoria - servicios TIC","publisher":{"@id":"https:\/\/www.betterconsultants.com\/cas\/#organization"},"potentialAction":[{"@type":"SearchAction","target":{"@type":"EntryPoint","urlTemplate":"https:\/\/www.betterconsultants.com\/cas\/?s={search_term_string}"},"query-input":{"@type":"PropertyValueSpecification","valueRequired":true,"valueName":"search_term_string"}}],"inLanguage":"es"},{"@type":"Organization","@id":"https:\/\/www.betterconsultants.com\/cas\/#organization","name":"Better Consultants","url":"https:\/\/www.betterconsultants.com\/cas\/","logo":{"@type":"ImageObject","inLanguage":"es","@id":"https:\/\/www.betterconsultants.com\/cas\/#\/schema\/logo\/image\/","url":"https:\/\/www.betterconsultants.com\/cas\/wp-content\/uploads\/2016\/10\/better-m-transp.png","contentUrl":"https:\/\/www.betterconsultants.com\/cas\/wp-content\/uploads\/2016\/10\/better-m-transp.png","width":200,"height":82,"caption":"Better Consultants"},"image":{"@id":"https:\/\/www.betterconsultants.com\/cas\/#\/schema\/logo\/image\/"},"sameAs":["https:\/\/es.linkedin.com\/company\/betterconsultants"]}]}},"_links":{"self":[{"href":"https:\/\/www.betterconsultants.com\/cas\/wp-json\/wp\/v2\/pages\/530","targetHints":{"allow":["GET"]}}],"collection":[{"href":"https:\/\/www.betterconsultants.com\/cas\/wp-json\/wp\/v2\/pages"}],"about":[{"href":"https:\/\/www.betterconsultants.com\/cas\/wp-json\/wp\/v2\/types\/page"}],"author":[{"embeddable":true,"href":"https:\/\/www.betterconsultants.com\/cas\/wp-json\/wp\/v2\/users\/4"}],"replies":[{"embeddable":true,"href":"https:\/\/www.betterconsultants.com\/cas\/wp-json\/wp\/v2\/comments?post=530"}],"version-history":[{"count":0,"href":"https:\/\/www.betterconsultants.com\/cas\/wp-json\/wp\/v2\/pages\/530\/revisions"}],"wp:featuredmedia":[{"embeddable":true,"href":"https:\/\/www.betterconsultants.com\/cas\/wp-json\/wp\/v2\/media\/9166"}],"wp:attachment":[{"href":"https:\/\/www.betterconsultants.com\/cas\/wp-json\/wp\/v2\/media?parent=530"}],"curies":[{"name":"wp","href":"https:\/\/api.w.org\/{rel}","templated":true}]}}