{"id":579,"date":"2016-10-16T17:49:21","date_gmt":"2016-10-16T15:49:21","guid":{"rendered":"http:\/\/betterconsultants.es\/wordpress\/?page_id=579"},"modified":"2019-03-13T17:11:41","modified_gmt":"2019-03-13T16:11:41","slug":"eric-gestion-expedientes-riesgo-credito","status":"publish","type":"page","link":"https:\/\/www.betterconsultants.com\/cas\/eric-gestion-expedientes-riesgo-credito\/","title":{"rendered":"ERIC &#8211; Gesti\u00f3n de Expedientes de Riesgo de Cr\u00e9dito"},"content":{"rendered":"\n[et_pb_section fb_built=\u00bb1&#8243; custom_padding_last_edited=\u00bboff|desktop\u00bb admin_label=\u00bbsection\u00bb _builder_version=\u00bb3.19.9&#8243; background_image=\u00bbhttps:\/\/www.betterconsultants.com\/cas\/wp-content\/uploads\/2018\/03\/outsourcing-financiero1-610&#215;255.jpg\u00bb animation_style=\u00bbzoom\u00bb animation_intensity_zoom=\u00bb2%\u00bb][et_pb_row custom_padding=\u00bb230px|0px|230px|0px\u00bb custom_padding_tablet=\u00bb140px|0px|140px|0px\u00bb custom_padding_phone=\u00bb80px|0px|80px|0px\u00bb custom_padding_last_edited=\u00bbon|phone\u00bb _builder_version=\u00bb3.0.105&#8243;][et_pb_column type=\u00bb4_4&#8243; _builder_version=\u00bb3.0.47&#8243; parallax=\u00bboff\u00bb parallax_method=\u00bbon\u00bb][\/et_pb_column][\/et_pb_row][\/et_pb_section][et_pb_section fb_built=\u00bb1&#8243; _builder_version=\u00bb3.0.47&#8243;][et_pb_row custom_padding=\u00bb90px|0px|30px|0px\u00bb _builder_version=\u00bb3.0.105&#8243;][et_pb_column type=\u00bb1_2&#8243; _builder_version=\u00bb3.0.47&#8243; parallax=\u00bboff\u00bb parallax_method=\u00bbon\u00bb][et_pb_text _builder_version=\u00bb3.0.105&#8243; text_font=\u00bb|300|||||||\u00bb header_text_color=\u00bb#000000&#8243; header_font_size_tablet=\u00bb32px\u00bb header_font_size_phone=\u00bb28px\u00bb header_font_size_last_edited=\u00bbon|desktop\u00bb header_4_text_color=\u00bb#ffffff\u00bb background_color=\u00bb#ffffff\u00bb box_shadow_style=\u00bbpreset1&#8243; background_layout=\u00bbdark\u00bb custom_margin=\u00bb-180px|||\u00bb custom_margin_last_edited=\u00bbon|desktop\u00bb custom_padding=\u00bb30px|30px|30px|30px\u00bb custom_padding_tablet=\u00bb80px|30px|43px|30px\u00bb custom_padding_last_edited=\u00bbon|desktop\u00bb animation_style=\u00bbslide\u00bb animation_direction=\u00bbleft\u00bb animation_duration=\u00bb500ms\u00bb animation_intensity_slide=\u00bb30%\u00bb animation_starting_opacity=\u00bb20%\u00bb]<h1><\/h1>\r\n<h1>ERIC &#8211; Gesti\u00f3n de Expedientes de Riesgo de Cr\u00e9dito<\/h1>\r[\/et_pb_text][\/et_pb_column][et_pb_column type=\u00bb1_2&#8243; _builder_version=\u00bb3.0.47&#8243; parallax=\u00bboff\u00bb parallax_method=\u00bbon\u00bb][\/et_pb_column][\/et_pb_row][\/et_pb_section][et_pb_section fb_built=\u00bb1&#8243; admin_label=\u00bbsection\u00bb _builder_version=\u00bb3.0.47&#8243;][et_pb_row custom_padding=\u00bb0px|0px|27px|0px\u00bb _builder_version=\u00bb3.0.105&#8243;][et_pb_column type=\u00bb4_4&#8243; _builder_version=\u00bb3.0.47&#8243; parallax=\u00bboff\u00bb parallax_method=\u00bbon\u00bb][et_pb_text _builder_version=\u00bb3.0.106&#8243;]<h4>ERIC es la plataforma de Better Consultants para la captura, tramitaci\u00f3n evaluaci\u00f3n y resoluci\u00f3n de expedientes de riesgo.<\/h4>\r\n<h4>Se trata de una soluci\u00f3n f\u00e1cil de usar y que permite al usuario acceder a todos los recursos necesarios para la gesti\u00f3n del expediente de una forma \u00e1gil y centralizada, desde el momento en que se recibe su solicitud hasta que se formaliza.<\/h4>\r[\/et_pb_text][\/et_pb_column][\/et_pb_row][et_pb_row custom_padding=\u00bb58px|0px|13px|0px\u00bb _builder_version=\u00bb3.0.47&#8243; background_size=\u00bbinitial\u00bb background_position=\u00bbtop_left\u00bb background_repeat=\u00bbrepeat\u00bb][et_pb_column type=\u00bb1_2&#8243; _builder_version=\u00bb3.0.47&#8243; parallax=\u00bboff\u00bb parallax_method=\u00bbon\u00bb][et_pb_text admin_label=\u00bbTexto\u00bb _builder_version=\u00bb3.0.106&#8243; background_size=\u00bbinitial\u00bb background_position=\u00bbtop_left\u00bb background_repeat=\u00bbrepeat\u00bb border_color_all=\u00bb#ffffff\u00bb text_orientation=\u00bbjustified\u00bb use_border_color=\u00bboff\u00bb]<h3>Plataforma ERIC<\/h3>\r\nEl sistema est\u00e1 integrado con las aplicaciones corporativas del cliente, necesarias para analizar una operaci\u00f3n de riesgo (base de datos de clientes, gestor de estados financieros, prevenci\u00f3n de blanqueo de capitales, etc.) y con otras aplicaciones que complementan y facilitan la gesti\u00f3n electr\u00f3nica global del expediente (gestor documental, publicador de documentos, portal de solicitudes).\r\n\r\nEl sistema proporciona un workflow de tramitaci\u00f3n adaptable para grupos de empresas y para diferentes productos de riesgo de cr\u00e9dito.\r[\/et_pb_text][\/et_pb_column][et_pb_column type=\u00bb1_2&#8243; _builder_version=\u00bb3.0.47&#8243; parallax=\u00bboff\u00bb parallax_method=\u00bbon\u00bb][et_pb_image src=\u00bbhttps:\/\/www.betterconsultants.com\/cas\/wp-content\/uploads\/2018\/03\/loan02.jpg\u00bb force_fullwidth=\u00bbon\u00bb _builder_version=\u00bb3.19.9&#8243; animation_style=\u00bbzoom\u00bb animation_intensity_zoom=\u00bb2%\u00bb][\/et_pb_image][\/et_pb_column][\/et_pb_row][et_pb_row custom_padding=\u00bb54px|0px|13px|0px\u00bb _builder_version=\u00bb3.0.47&#8243; background_size=\u00bbinitial\u00bb background_position=\u00bbtop_left\u00bb background_repeat=\u00bbrepeat\u00bb][et_pb_column type=\u00bb1_2&#8243; _builder_version=\u00bb3.0.47&#8243; parallax=\u00bboff\u00bb parallax_method=\u00bbon\u00bb][et_pb_divider show_divider=\u00bboff\u00bb _builder_version=\u00bb3.0.106&#8243; custom_margin=\u00bb100px|||\u00bb custom_padding=\u00bb|||\u00bb][\/et_pb_divider][et_pb_image src=\u00bbhttps:\/\/www.betterconsultants.com\/cas\/wp-content\/uploads\/2018\/03\/Loan-06.jpg\u00bb force_fullwidth=\u00bbon\u00bb _builder_version=\u00bb3.19.9&#8243; animation_style=\u00bbzoom\u00bb animation_intensity_zoom=\u00bb2%\u00bb][\/et_pb_image][\/et_pb_column][et_pb_column type=\u00bb1_2&#8243; _builder_version=\u00bb3.0.47&#8243; parallax=\u00bboff\u00bb parallax_method=\u00bbon\u00bb][et_pb_text _builder_version=\u00bb3.0.106&#8243; custom_padding=\u00bb20px||20px|20px\u00bb]<h3>Factores Clave<\/h3>\r\n100% de trazabilidad y seguimiento sobre los expedientes de riesgo.\r\n\r\nReducci\u00f3n del riesgo operacional gracias a reglas de negocio, de control y coherencia de los datos y documentos informados.\r\n\r\nAyudas para pautar los pasos a seguir en cada punto del an\u00e1lisis.\r\n\r\nEstandarizaci\u00f3n de documentaci\u00f3n aportada por el cliente y la generada por el analista o el sistema.\r\n\r\nEnv\u00edo de las operaciones en el comit\u00e9 decisorio adecuado y encaminar la tramitaci\u00f3n en funci\u00f3n de la decisi\u00f3n que se haya tomado.\r\n\r\nEnv\u00edo de las operaciones a cartera una vez formalizadas para iniciar su seguimiento.\r[\/et_pb_text][\/et_pb_column][\/et_pb_row][\/et_pb_section]\n","protected":false},"excerpt":{"rendered":"<p>ERIC &#8211; Gesti\u00f3n de Expedientes de Riesgo de Cr\u00e9dito ERIC es la plataforma de Better Consultants para la captura, tramitaci\u00f3n evaluaci\u00f3n y resoluci\u00f3n de expedientes de riesgo. Se trata de una soluci\u00f3n f\u00e1cil de usar y que permite al usuario acceder a todos los recursos necesarios para la gesti\u00f3n del expediente de una forma \u00e1gil [&hellip;]<\/p>\n","protected":false},"author":4,"featured_media":815,"parent":0,"menu_order":0,"comment_status":"closed","ping_status":"closed","template":"","meta":{"_et_pb_use_builder":"on","_et_pb_old_content":"<p>ERIC es la plataforma de Better Consultants para la captura, tramitaci\u00f3n evaluaci\u00f3n y resoluci\u00f3n de expedientes de riesgo.<\/p><p>Se trata de una soluci\u00f3n f\u00e1cil de usar y que permite al usuario acceder a todos los recursos necesarios para la gesti\u00f3n del expediente de una forma \u00e1gil y centralizada, desde el momento en que se recibe su solicitud hasta que se formaliza.<\/p><p>El sistema est\u00e1 integrado con las aplicaciones corporativas del cliente, necesarias para analizar una operaci\u00f3n de riesgo (base de datos de clientes, gestor de estados financieros, prevenci\u00f3n de blanqueo de capitales, etc.) y con otras aplicaciones que complementan y facilitan la gesti\u00f3n electr\u00f3nica global del expediente (gestor documental, publicador de documentos, portal de solicitudes).<\/p><p>El sistema proporciona un workflow de tramitaci\u00f3n adaptable para grupos de empresas y para diferentes productos de riesgo de cr\u00e9dito. El workflow de tramitaci\u00f3n permite:<\/p><ul><li>Tener un 100% de trazabilidad y seguimiento sobre los expedientes de riesgo.<\/li><li>Reducir el riesgo operacional gracias a reglas de negocio, de control y coherencia de los datos y documentos informados.<\/li><li>Definir ayudas para pautar los pasos a seguir en cada punto del an\u00e1lisis.<\/li><li>Estandarizar la documentaci\u00f3n aportada por el cliente y la generada por el analista o el sistema.<\/li><li>Enviar las operaciones en el comit\u00e9 decisorio adecuado y encaminar la tramitaci\u00f3n en funci\u00f3n de la decisi\u00f3n que se haya tomado.<\/li><li>Enviar las operaciones a cartera una vez formalizadas para iniciar su seguimiento.<\/li><\/ul>","_et_gb_content_width":"","footnotes":""},"class_list":["post-579","page","type-page","status-publish","has-post-thumbnail","hentry"],"yoast_head":"<!-- This site is optimized with the Yoast SEO plugin v27.3 - https:\/\/yoast.com\/product\/yoast-seo-wordpress\/ -->\n<title>ERIC - Gesti\u00f3n de Expedientes de Riesgo de Cr\u00e9dito - Better Consultants<\/title>\n<meta name=\"robots\" content=\"index, follow, max-snippet:-1, max-image-preview:large, max-video-preview:-1\" \/>\n<link rel=\"canonical\" href=\"https:\/\/www.betterconsultants.com\/cas\/eric-gestion-expedientes-riesgo-credito\/\" \/>\n<meta property=\"og:locale\" content=\"es_ES\" \/>\n<meta property=\"og:type\" content=\"article\" \/>\n<meta property=\"og:title\" content=\"ERIC - Gesti\u00f3n de Expedientes de Riesgo de Cr\u00e9dito - Better Consultants\" \/>\n<meta property=\"og:description\" content=\"ERIC - Gesti\u00f3n de Expedientes de Riesgo de Cr\u00e9dito ERIC es la plataforma de Better Consultants para la captura, tramitaci\u00f3n evaluaci\u00f3n y resoluci\u00f3n de expedientes de riesgo. Se trata de una soluci\u00f3n f\u00e1cil de usar y que permite al usuario acceder a todos los recursos necesarios para la gesti\u00f3n del expediente de una forma \u00e1gil [&hellip;]\" \/>\n<meta property=\"og:url\" content=\"https:\/\/www.betterconsultants.com\/cas\/eric-gestion-expedientes-riesgo-credito\/\" \/>\n<meta property=\"og:site_name\" content=\"Better Consultants\" \/>\n<meta property=\"article:modified_time\" content=\"2019-03-13T16:11:41+00:00\" \/>\n<meta property=\"og:image\" content=\"https:\/\/www.betterconsultants.com\/cas\/wp-content\/uploads\/2016\/10\/outsourcing-financiero1-610x255-e1496835493128.jpg\" \/>\n\t<meta property=\"og:image:width\" content=\"480\" \/>\n\t<meta property=\"og:image:height\" content=\"201\" \/>\n\t<meta property=\"og:image:type\" content=\"image\/jpeg\" \/>\n<meta name=\"twitter:card\" content=\"summary_large_image\" \/>\n<meta name=\"twitter:label1\" content=\"Tiempo de lectura\" \/>\n\t<meta name=\"twitter:data1\" content=\"4 minutos\" \/>\n<script type=\"application\/ld+json\" class=\"yoast-schema-graph\">{\"@context\":\"https:\\\/\\\/schema.org\",\"@graph\":[{\"@type\":\"WebPage\",\"@id\":\"https:\\\/\\\/www.betterconsultants.com\\\/cas\\\/eric-gestion-expedientes-riesgo-credito\\\/\",\"url\":\"https:\\\/\\\/www.betterconsultants.com\\\/cas\\\/eric-gestion-expedientes-riesgo-credito\\\/\",\"name\":\"ERIC - Gesti\u00f3n de Expedientes de Riesgo de Cr\u00e9dito - Better Consultants\",\"isPartOf\":{\"@id\":\"https:\\\/\\\/www.betterconsultants.com\\\/cas\\\/#website\"},\"primaryImageOfPage\":{\"@id\":\"https:\\\/\\\/www.betterconsultants.com\\\/cas\\\/eric-gestion-expedientes-riesgo-credito\\\/#primaryimage\"},\"image\":{\"@id\":\"https:\\\/\\\/www.betterconsultants.com\\\/cas\\\/eric-gestion-expedientes-riesgo-credito\\\/#primaryimage\"},\"thumbnailUrl\":\"https:\\\/\\\/www.betterconsultants.com\\\/cas\\\/wp-content\\\/uploads\\\/2016\\\/10\\\/outsourcing-financiero1-610x255-e1496835493128.jpg\",\"datePublished\":\"2016-10-16T15:49:21+00:00\",\"dateModified\":\"2019-03-13T16:11:41+00:00\",\"breadcrumb\":{\"@id\":\"https:\\\/\\\/www.betterconsultants.com\\\/cas\\\/eric-gestion-expedientes-riesgo-credito\\\/#breadcrumb\"},\"inLanguage\":\"es\",\"potentialAction\":[{\"@type\":\"ReadAction\",\"target\":[\"https:\\\/\\\/www.betterconsultants.com\\\/cas\\\/eric-gestion-expedientes-riesgo-credito\\\/\"]}]},{\"@type\":\"ImageObject\",\"inLanguage\":\"es\",\"@id\":\"https:\\\/\\\/www.betterconsultants.com\\\/cas\\\/eric-gestion-expedientes-riesgo-credito\\\/#primaryimage\",\"url\":\"https:\\\/\\\/www.betterconsultants.com\\\/cas\\\/wp-content\\\/uploads\\\/2016\\\/10\\\/outsourcing-financiero1-610x255-e1496835493128.jpg\",\"contentUrl\":\"https:\\\/\\\/www.betterconsultants.com\\\/cas\\\/wp-content\\\/uploads\\\/2016\\\/10\\\/outsourcing-financiero1-610x255-e1496835493128.jpg\",\"width\":480,\"height\":201},{\"@type\":\"BreadcrumbList\",\"@id\":\"https:\\\/\\\/www.betterconsultants.com\\\/cas\\\/eric-gestion-expedientes-riesgo-credito\\\/#breadcrumb\",\"itemListElement\":[{\"@type\":\"ListItem\",\"position\":1,\"name\":\"Portada\",\"item\":\"https:\\\/\\\/www.betterconsultants.com\\\/cas\\\/\"},{\"@type\":\"ListItem\",\"position\":2,\"name\":\"ERIC &#8211; Gesti\u00f3n de Expedientes de Riesgo de Cr\u00e9dito\"}]},{\"@type\":\"WebSite\",\"@id\":\"https:\\\/\\\/www.betterconsultants.com\\\/cas\\\/#website\",\"url\":\"https:\\\/\\\/www.betterconsultants.com\\\/cas\\\/\",\"name\":\"Better Consultants\",\"description\":\"consultoria - servicios TIC\",\"publisher\":{\"@id\":\"https:\\\/\\\/www.betterconsultants.com\\\/cas\\\/#organization\"},\"potentialAction\":[{\"@type\":\"SearchAction\",\"target\":{\"@type\":\"EntryPoint\",\"urlTemplate\":\"https:\\\/\\\/www.betterconsultants.com\\\/cas\\\/?s={search_term_string}\"},\"query-input\":{\"@type\":\"PropertyValueSpecification\",\"valueRequired\":true,\"valueName\":\"search_term_string\"}}],\"inLanguage\":\"es\"},{\"@type\":\"Organization\",\"@id\":\"https:\\\/\\\/www.betterconsultants.com\\\/cas\\\/#organization\",\"name\":\"Better Consultants\",\"url\":\"https:\\\/\\\/www.betterconsultants.com\\\/cas\\\/\",\"logo\":{\"@type\":\"ImageObject\",\"inLanguage\":\"es\",\"@id\":\"https:\\\/\\\/www.betterconsultants.com\\\/cas\\\/#\\\/schema\\\/logo\\\/image\\\/\",\"url\":\"https:\\\/\\\/www.betterconsultants.com\\\/cas\\\/wp-content\\\/uploads\\\/2016\\\/10\\\/better-m-transp.png\",\"contentUrl\":\"https:\\\/\\\/www.betterconsultants.com\\\/cas\\\/wp-content\\\/uploads\\\/2016\\\/10\\\/better-m-transp.png\",\"width\":200,\"height\":82,\"caption\":\"Better Consultants\"},\"image\":{\"@id\":\"https:\\\/\\\/www.betterconsultants.com\\\/cas\\\/#\\\/schema\\\/logo\\\/image\\\/\"},\"sameAs\":[\"https:\\\/\\\/es.linkedin.com\\\/company\\\/betterconsultants\"]}]}<\/script>\n<!-- \/ Yoast SEO plugin. -->","yoast_head_json":{"title":"ERIC - Gesti\u00f3n de Expedientes de Riesgo de Cr\u00e9dito - Better Consultants","robots":{"index":"index","follow":"follow","max-snippet":"max-snippet:-1","max-image-preview":"max-image-preview:large","max-video-preview":"max-video-preview:-1"},"canonical":"https:\/\/www.betterconsultants.com\/cas\/eric-gestion-expedientes-riesgo-credito\/","og_locale":"es_ES","og_type":"article","og_title":"ERIC - Gesti\u00f3n de Expedientes de Riesgo de Cr\u00e9dito - Better Consultants","og_description":"ERIC - Gesti\u00f3n de Expedientes de Riesgo de Cr\u00e9dito ERIC es la plataforma de Better Consultants para la captura, tramitaci\u00f3n evaluaci\u00f3n y resoluci\u00f3n de expedientes de riesgo. Se trata de una soluci\u00f3n f\u00e1cil de usar y que permite al usuario acceder a todos los recursos necesarios para la gesti\u00f3n del expediente de una forma \u00e1gil [&hellip;]","og_url":"https:\/\/www.betterconsultants.com\/cas\/eric-gestion-expedientes-riesgo-credito\/","og_site_name":"Better Consultants","article_modified_time":"2019-03-13T16:11:41+00:00","og_image":[{"width":480,"height":201,"url":"https:\/\/www.betterconsultants.com\/cas\/wp-content\/uploads\/2016\/10\/outsourcing-financiero1-610x255-e1496835493128.jpg","type":"image\/jpeg"}],"twitter_card":"summary_large_image","twitter_misc":{"Tiempo de lectura":"4 minutos"},"schema":{"@context":"https:\/\/schema.org","@graph":[{"@type":"WebPage","@id":"https:\/\/www.betterconsultants.com\/cas\/eric-gestion-expedientes-riesgo-credito\/","url":"https:\/\/www.betterconsultants.com\/cas\/eric-gestion-expedientes-riesgo-credito\/","name":"ERIC - Gesti\u00f3n de Expedientes de Riesgo de Cr\u00e9dito - Better Consultants","isPartOf":{"@id":"https:\/\/www.betterconsultants.com\/cas\/#website"},"primaryImageOfPage":{"@id":"https:\/\/www.betterconsultants.com\/cas\/eric-gestion-expedientes-riesgo-credito\/#primaryimage"},"image":{"@id":"https:\/\/www.betterconsultants.com\/cas\/eric-gestion-expedientes-riesgo-credito\/#primaryimage"},"thumbnailUrl":"https:\/\/www.betterconsultants.com\/cas\/wp-content\/uploads\/2016\/10\/outsourcing-financiero1-610x255-e1496835493128.jpg","datePublished":"2016-10-16T15:49:21+00:00","dateModified":"2019-03-13T16:11:41+00:00","breadcrumb":{"@id":"https:\/\/www.betterconsultants.com\/cas\/eric-gestion-expedientes-riesgo-credito\/#breadcrumb"},"inLanguage":"es","potentialAction":[{"@type":"ReadAction","target":["https:\/\/www.betterconsultants.com\/cas\/eric-gestion-expedientes-riesgo-credito\/"]}]},{"@type":"ImageObject","inLanguage":"es","@id":"https:\/\/www.betterconsultants.com\/cas\/eric-gestion-expedientes-riesgo-credito\/#primaryimage","url":"https:\/\/www.betterconsultants.com\/cas\/wp-content\/uploads\/2016\/10\/outsourcing-financiero1-610x255-e1496835493128.jpg","contentUrl":"https:\/\/www.betterconsultants.com\/cas\/wp-content\/uploads\/2016\/10\/outsourcing-financiero1-610x255-e1496835493128.jpg","width":480,"height":201},{"@type":"BreadcrumbList","@id":"https:\/\/www.betterconsultants.com\/cas\/eric-gestion-expedientes-riesgo-credito\/#breadcrumb","itemListElement":[{"@type":"ListItem","position":1,"name":"Portada","item":"https:\/\/www.betterconsultants.com\/cas\/"},{"@type":"ListItem","position":2,"name":"ERIC &#8211; Gesti\u00f3n de Expedientes de Riesgo de Cr\u00e9dito"}]},{"@type":"WebSite","@id":"https:\/\/www.betterconsultants.com\/cas\/#website","url":"https:\/\/www.betterconsultants.com\/cas\/","name":"Better Consultants","description":"consultoria - servicios TIC","publisher":{"@id":"https:\/\/www.betterconsultants.com\/cas\/#organization"},"potentialAction":[{"@type":"SearchAction","target":{"@type":"EntryPoint","urlTemplate":"https:\/\/www.betterconsultants.com\/cas\/?s={search_term_string}"},"query-input":{"@type":"PropertyValueSpecification","valueRequired":true,"valueName":"search_term_string"}}],"inLanguage":"es"},{"@type":"Organization","@id":"https:\/\/www.betterconsultants.com\/cas\/#organization","name":"Better Consultants","url":"https:\/\/www.betterconsultants.com\/cas\/","logo":{"@type":"ImageObject","inLanguage":"es","@id":"https:\/\/www.betterconsultants.com\/cas\/#\/schema\/logo\/image\/","url":"https:\/\/www.betterconsultants.com\/cas\/wp-content\/uploads\/2016\/10\/better-m-transp.png","contentUrl":"https:\/\/www.betterconsultants.com\/cas\/wp-content\/uploads\/2016\/10\/better-m-transp.png","width":200,"height":82,"caption":"Better Consultants"},"image":{"@id":"https:\/\/www.betterconsultants.com\/cas\/#\/schema\/logo\/image\/"},"sameAs":["https:\/\/es.linkedin.com\/company\/betterconsultants"]}]}},"_links":{"self":[{"href":"https:\/\/www.betterconsultants.com\/cas\/wp-json\/wp\/v2\/pages\/579","targetHints":{"allow":["GET"]}}],"collection":[{"href":"https:\/\/www.betterconsultants.com\/cas\/wp-json\/wp\/v2\/pages"}],"about":[{"href":"https:\/\/www.betterconsultants.com\/cas\/wp-json\/wp\/v2\/types\/page"}],"author":[{"embeddable":true,"href":"https:\/\/www.betterconsultants.com\/cas\/wp-json\/wp\/v2\/users\/4"}],"replies":[{"embeddable":true,"href":"https:\/\/www.betterconsultants.com\/cas\/wp-json\/wp\/v2\/comments?post=579"}],"version-history":[{"count":0,"href":"https:\/\/www.betterconsultants.com\/cas\/wp-json\/wp\/v2\/pages\/579\/revisions"}],"wp:featuredmedia":[{"embeddable":true,"href":"https:\/\/www.betterconsultants.com\/cas\/wp-json\/wp\/v2\/media\/815"}],"wp:attachment":[{"href":"https:\/\/www.betterconsultants.com\/cas\/wp-json\/wp\/v2\/media?parent=579"}],"curies":[{"name":"wp","href":"https:\/\/api.w.org\/{rel}","templated":true}]}}