{"id":638,"date":"2016-10-16T18:16:40","date_gmt":"2016-10-16T16:16:40","guid":{"rendered":"http:\/\/betterconsultants.es\/wordpress\/?page_id=638"},"modified":"2019-01-28T14:27:48","modified_gmt":"2019-01-28T13:27:48","slug":"motor-publicacion-alfresco","status":"publish","type":"page","link":"https:\/\/www.betterconsultants.com\/cas\/motor-publicacion-alfresco\/","title":{"rendered":"Motor de publicaci\u00f3n sobre Alfresco"},"content":{"rendered":"<p>[et_pb_section fb_built=\u00bb1&#8243; custom_padding_last_edited=\u00bboff|desktop\u00bb admin_label=\u00bbsection\u00bb _builder_version=\u00bb3.19.9&#8243; background_image=\u00bbhttps:\/\/www.betterconsultants.com\/cas\/wp-content\/uploads\/2018\/01\/document_management4.jpg\u00bb animation_style=\u00bbzoom\u00bb animation_intensity_zoom=\u00bb2%\u00bb][et_pb_row custom_padding=\u00bb230px|0px|230px|0px\u00bb custom_padding_tablet=\u00bb140px|0px|140px|0px\u00bb custom_padding_phone=\u00bb80px|0px|80px|0px\u00bb custom_padding_last_edited=\u00bbon|phone\u00bb _builder_version=\u00bb3.0.105&#8243;][et_pb_column type=\u00bb4_4&#8243; _builder_version=\u00bb3.0.47&#8243; parallax=\u00bboff\u00bb parallax_method=\u00bbon\u00bb][\/et_pb_column][\/et_pb_row][\/et_pb_section][et_pb_section fb_built=\u00bb1&#8243; _builder_version=\u00bb3.0.47&#8243;][et_pb_row custom_padding=\u00bb90px|0px|30px|0px\u00bb _builder_version=\u00bb3.0.105&#8243;][et_pb_column type=\u00bb1_2&#8243; _builder_version=\u00bb3.0.47&#8243; parallax=\u00bboff\u00bb parallax_method=\u00bbon\u00bb][et_pb_text _builder_version=\u00bb3.0.105&#8243; text_font=\u00bb|300|||||||\u00bb header_text_color=\u00bb#000000&#8243; header_font_size_tablet=\u00bb32px\u00bb header_font_size_phone=\u00bb28px\u00bb header_font_size_last_edited=\u00bbon|desktop\u00bb header_4_text_color=\u00bb#ffffff\u00bb background_color=\u00bb#ffffff\u00bb box_shadow_style=\u00bbpreset1&#8243; background_layout=\u00bbdark\u00bb custom_margin=\u00bb-180px|||\u00bb custom_margin_last_edited=\u00bbon|desktop\u00bb custom_padding=\u00bb30px|30px|30px|30px\u00bb custom_padding_tablet=\u00bb80px|30px|43px|30px\u00bb custom_padding_last_edited=\u00bbon|desktop\u00bb animation_style=\u00bbslide\u00bb animation_direction=\u00bbleft\u00bb animation_duration=\u00bb500ms\u00bb animation_intensity_slide=\u00bb30%\u00bb animation_starting_opacity=\u00bb20%\u00bb]<\/p>\n<h1><\/h1>\n<h1>Motor de publicaci\u00f3n sobre Alfresco<\/h1>\n<p>[\/et_pb_text][\/et_pb_column][et_pb_column type=\u00bb1_2&#8243; _builder_version=\u00bb3.0.47&#8243; parallax=\u00bboff\u00bb parallax_method=\u00bbon\u00bb][\/et_pb_column][\/et_pb_row][\/et_pb_section][et_pb_section fb_built=\u00bb1&#8243; admin_label=\u00bbsection\u00bb _builder_version=\u00bb3.0.47&#8243;][et_pb_row custom_padding=\u00bb0px|0px|27px|0px\u00bb _builder_version=\u00bb3.0.105&#8243;][et_pb_column type=\u00bb4_4&#8243; _builder_version=\u00bb3.0.47&#8243; parallax=\u00bboff\u00bb parallax_method=\u00bbon\u00bb][et_pb_text _builder_version=\u00bb3.0.106&#8243;]<\/p>\n<h4>En el marco de la optimizaci\u00f3n de la gesti\u00f3n documental en Open Source, nuestra Firma ha desarrollado una innovadora capa de aplicaciones que agiliza tanto la publicaci\u00f3n como la b\u00fasqueda y localizaci\u00f3n de documentos en el gestor documental Alfresco.<\/h4>\n<h4>Esta capa de software permite aislar al usuario de la estructura interna en la que se almacenan los documentos, tanto en el momento de guardar la informaci\u00f3n como de consultarla.<\/h4>\n<p>[\/et_pb_text][\/et_pb_column][\/et_pb_row][et_pb_row custom_padding=\u00bb41px|0px|45px|0px|false|false\u00bb _builder_version=\u00bb3.0.48&#8243; background_size=\u00bbinitial\u00bb background_position=\u00bbtop_left\u00bb background_repeat=\u00bbrepeat\u00bb][et_pb_column type=\u00bb1_2&#8243; _builder_version=\u00bb3.0.47&#8243; parallax=\u00bboff\u00bb parallax_method=\u00bbon\u00bb][et_pb_text _builder_version=\u00bb3.19.6&#8243; custom_padding=\u00bb|20px||\u00bb custom_padding_tablet=\u00bb|0px||\u00bb custom_padding_last_edited=\u00bbon|desktop\u00bb]<\/p>\n<h3>Publicaci\u00f3n de Informaci\u00f3n<\/h3>\n<p>Nuestro m\u00f3dulo, desarrollado bajo arquitectura .NET, se invoca desde el men\u00fa contextual de windows (bot\u00f3n derecho) del documento que se quiere publicar.<\/p>\n<p>La aplicaci\u00f3n permite la publicaci\u00f3n autom\u00e1tica en el gestor documental del documento seleccionado, informando los datos m\u00ednimos necesarios para identificar el tipo de documento y su nombre.<\/p>\n<p>[\/et_pb_text][\/et_pb_column][et_pb_column type=\u00bb1_2&#8243; _builder_version=\u00bb3.0.47&#8243; parallax=\u00bboff\u00bb parallax_method=\u00bbon\u00bb][et_pb_image src=\u00bbhttps:\/\/www.betterconsultants.com\/cas\/wp-content\/uploads\/2018\/01\/document-management3.png\u00bb align=\u00bbcenter\u00bb force_fullwidth=\u00bbon\u00bb admin_label=\u00bbImagen\u00bb _builder_version=\u00bb3.19.9&#8243; custom_margin=\u00bb|||\u00bb custom_padding=\u00bb||\u00bb animation_style=\u00bbzoom\u00bb use_border_color=\u00bboff\u00bb animation_intensity_zoom=\u00bb2%\u00bb][\/et_pb_image][\/et_pb_column][\/et_pb_row][et_pb_row custom_padding=\u00bb20px|0px|50px|0px|false|false\u00bb _builder_version=\u00bb3.0.48&#8243; background_size=\u00bbinitial\u00bb background_position=\u00bbtop_left\u00bb background_repeat=\u00bbrepeat\u00bb][et_pb_column type=\u00bb1_2&#8243; _builder_version=\u00bb3.0.47&#8243; parallax=\u00bboff\u00bb parallax_method=\u00bbon\u00bb][et_pb_image src=\u00bbhttps:\/\/www.betterconsultants.com\/cas\/wp-content\/uploads\/2016\/10\/Alfresco.jpg\u00bb align=\u00bbcenter\u00bb admin_label=\u00bbImagen\u00bb _builder_version=\u00bb3.19.9&#8243; custom_padding=\u00bb50px||\u00bb custom_padding_tablet=\u00bb0px||\u00bb custom_padding_last_edited=\u00bbon|desktop\u00bb animation_style=\u00bbzoom\u00bb use_border_color=\u00bboff\u00bb border_color=\u00bb#ffffff\u00bb border_style=\u00bbsolid\u00bb animation=\u00bbfade_in\u00bb sticky=\u00bboff\u00bb animation_intensity_zoom=\u00bb2%\u00bb][\/et_pb_image][\/et_pb_column][et_pb_column type=\u00bb1_2&#8243; _builder_version=\u00bb3.0.47&#8243; parallax=\u00bboff\u00bb parallax_method=\u00bbon\u00bb][et_pb_text _builder_version=\u00bb3.19.6&#8243; custom_padding=\u00bb|||\u00bb]<\/p>\n<ul>\n<li>Decide en qu\u00e9 zona de la estructura interna del gestor documental se debe almacenar el documento<\/li>\n<li>Da al documento un nombre estandarizado en funci\u00f3n de su tipo y de los datos de pantalla<\/li>\n<li>Dota al documento de los metadatos necesarios para su clasificaci\u00f3n y posterior b\u00fasqueda<\/li>\n<li>Guarda una \u00fanica copia de cada documento. En caso de que un mismo documento se tenga que guardar en diversas estructuras, crea referencias cruzadas en las estructuras hacia el documento guardado.<\/li>\n<li>Permite gestionar los documentos ya publicados para corregir posibles errores.<\/li>\n<\/ul>\n<p>[\/et_pb_text][\/et_pb_column][\/et_pb_row][et_pb_row make_fullwidth=\u00bbon\u00bb use_custom_gutter=\u00bbon\u00bb gutter_width=\u00bb1&#8243; custom_padding=\u00bb0px||8px||false|false\u00bb custom_margin=\u00bb0px||0px|\u00bb make_equal=\u00bbon\u00bb background_color_2=\u00bb#f4f4f4&#8243; bg_img_1=\u00bbhttps:\/\/www.betterconsultants.com\/cas\/wp-content\/uploads\/2019\/01\/document0765.jpg\u00bb parallax_1=\u00bbon\u00bb background_position_1=\u00bbtop_left\u00bb background_position_2=\u00bbtop_left\u00bb background_repeat_1=\u00bbno-repeat\u00bb background_repeat_2=\u00bbno-repeat\u00bb padding_top_2=\u00bb8%\u00bb padding_right_2=\u00bb6%\u00bb padding_bottom_2=\u00bb8%\u00bb padding_left_2=\u00bb6%\u00bb _builder_version=\u00bb3.19.9&#8243; background_size=\u00bbinitial\u00bb background_position=\u00bbtop_left\u00bb background_repeat=\u00bbrepeat\u00bb locked=\u00bboff\u00bb animation_style=\u00bbzoom\u00bb animation_intensity_zoom=\u00bb2%\u00bb][et_pb_column type=\u00bb1_2&#8243; _builder_version=\u00bb3.0.47&#8243; bg_img=\u00bbhttps:\/\/www.betterconsultants.com\/cas\/wp-content\/uploads\/2019\/01\/document0765.jpg\u00bb parallax=\u00bbon\u00bb parallax_method=\u00bbon\u00bb background_position=\u00bbtop_left\u00bb background_repeat=\u00bbno-repeat\u00bb][\/et_pb_column][et_pb_column type=\u00bb1_2&#8243; _builder_version=\u00bb3.0.47&#8243; padding_bottom=\u00bb8%\u00bb padding_left=\u00bb6%\u00bb padding_right=\u00bb6%\u00bb padding_top=\u00bb8%\u00bb background_color=\u00bb#f4f4f4&#8243; parallax=\u00bboff\u00bb parallax_method=\u00bbon\u00bb background_position=\u00bbtop_left\u00bb background_repeat=\u00bbno-repeat\u00bb][et_pb_text _builder_version=\u00bb3.2.1&#8243;]<\/p>\n<h4>La soluci\u00f3n facilita la publicaci\u00f3n autom\u00e1tica en el gestor documental del objeto seleccionado, informando los datos m\u00ednimos necesarios para identificar el tipo de documento y su nombre<\/h4>\n<p>\u00a0<span style=\"font-size: 16px;\">\u00a0<\/span><\/p>\n<p>[\/et_pb_text][et_pb_divider color=\u00bb#4e5ed0&#8243; divider_weight=\u00bb3px\u00bb height=\u00bb5px\u00bb disabled_on=\u00bboff|off|off\u00bb _builder_version=\u00bb3.19.6&#8243; background_color_gradient_direction=\u00bb90deg\u00bb max_width=\u00bb100px\u00bb module_alignment=\u00bbleft\u00bb custom_margin=\u00bb||20px|\u00bb custom_padding=\u00bb||20px|\u00bb animation_style=\u00bbslide\u00bb animation_direction=\u00bbbottom\u00bb saved_tabs=\u00bball\u00bb locked=\u00bboff\u00bb][\/et_pb_divider][et_pb_text _builder_version=\u00bb3.2.1&#8243;]<\/p>\n<h4>El resultado de la b\u00fasqueda de informaci\u00f3n se presenta como una lista de documentos, carpetas, o combinaci\u00f3n de ambos conceptos.\u00a0<\/h4>\n<p>[\/et_pb_text][\/et_pb_column][\/et_pb_row][et_pb_row custom_padding=\u00bb50px|0px|34px|0px|false|false\u00bb _builder_version=\u00bb3.0.48&#8243; background_size=\u00bbinitial\u00bb background_position=\u00bbtop_left\u00bb background_repeat=\u00bbrepeat\u00bb][et_pb_column type=\u00bb1_2&#8243; _builder_version=\u00bb3.0.47&#8243; parallax=\u00bboff\u00bb parallax_method=\u00bbon\u00bb][et_pb_text _builder_version=\u00bb3.19.6&#8243; custom_padding=\u00bb20px|||\u00bb]<\/p>\n<h3>Consulta de la informaci\u00f3n<\/h3>\n<p>Se ha creado una herramienta web permite realizar la b\u00fasqueda de documentos publicados siguiendo diferentes criterios asociados a los metadatos de cada documento, informadas en el momento de la publicaci\u00f3n.<\/p>\n<p>De esta manera se evita al usuario la b\u00fasqueda por carpetas y el acceso directo a Alfresco, proporcionando una interfaz mucho m\u00e1s sencilla y atractiva.<\/p>\n<p>&nbsp;<\/p>\n<p>[\/et_pb_text][\/et_pb_column][et_pb_column type=\u00bb1_2&#8243; _builder_version=\u00bb3.0.47&#8243; parallax=\u00bboff\u00bb parallax_method=\u00bbon\u00bb][et_pb_image src=\u00bbhttps:\/\/www.betterconsultants.com\/cas\/wp-content\/uploads\/2019\/01\/document-0045jpg.jpg\u00bb align=\u00bbcenter\u00bb admin_label=\u00bbImagen\u00bb _builder_version=\u00bb3.19.9&#8243; animation_style=\u00bbzoom\u00bb use_border_color=\u00bboff\u00bb animation_intensity_zoom=\u00bb2%\u00bb][\/et_pb_image][\/et_pb_column][\/et_pb_row][et_pb_row custom_padding=\u00bb13px|0px|59px|0px|false|false\u00bb _builder_version=\u00bb3.0.48&#8243; background_size=\u00bbinitial\u00bb background_position=\u00bbtop_left\u00bb background_repeat=\u00bbrepeat\u00bb][et_pb_column type=\u00bb1_2&#8243; _builder_version=\u00bb3.0.47&#8243; parallax=\u00bboff\u00bb parallax_method=\u00bbon\u00bb][et_pb_image src=\u00bbhttps:\/\/www.betterconsultants.com\/cas\/wp-content\/uploads\/2018\/01\/alfrescodefault.jpg\u00bb align=\u00bbcenter\u00bb admin_label=\u00bbImagen\u00bb _builder_version=\u00bb3.19.9&#8243; animation_style=\u00bbzoom\u00bb use_border_color=\u00bboff\u00bb animation_intensity_zoom=\u00bb2%\u00bb][\/et_pb_image][\/et_pb_column][et_pb_column type=\u00bb1_2&#8243; _builder_version=\u00bb3.0.47&#8243; parallax=\u00bboff\u00bb parallax_method=\u00bbon\u00bb][et_pb_text _builder_version=\u00bb3.19.6&#8243; custom_padding=\u00bb0px|0px|0px|0px\u00bb]<\/p>\n<p>El resultado de la b\u00fasqueda de informaci\u00f3n se presenta como una lista de documentos, carpetas, o combinaci\u00f3n de ambos conceptos.<\/p>\n<p>Una vez seleccionando un documento resultante de la b\u00fasqueda, se abre en pantalla el documento guardado en el gestor documental. Al hacer clic sobre una carpeta, se activa la aplicaci\u00f3n Alfresco, que permite navegar por su estructura interna y utilizar sus funcionalidades habituales.<span style=\"font-size: 16px;\">\u00a0<\/span><\/p>\n<p>Asimismo, el entorno de configuraci\u00f3n permite definir cu\u00e1les son los documentos que se pueden publicar, en qu\u00e9 parte de la estructura se deben guardar, como se ha de construir el nombre del documento, qu\u00e9 datos se deben solicitar por pantalla, etc.<\/p>\n<p>[\/et_pb_text][\/et_pb_column][\/et_pb_row][\/et_pb_section]<\/p>\n","protected":false},"excerpt":{"rendered":"<p>[et_pb_section bb_built=\u00bb1&#8243; admin_label=\u00bbsection\u00bb custom_padding_last_edited=\u00bboff|desktop\u00bb _builder_version=\u00bb3.0.105&#8243; background_image=\u00bbhttps:\/\/www.betterconsultants.com\/cas\/wp-content\/uploads\/2018\/01\/document_management4.jpg\u00bb next_background_color=\u00bb#0&#8230;<\/p>\n","protected":false},"author":4,"featured_media":7856,"parent":0,"menu_order":0,"comment_status":"closed","ping_status":"closed","template":"","meta":{"_et_pb_use_builder":"on","_et_pb_old_content":"<p>En el marco de la optimizaci\u00f3n de la gesti\u00f3n documental en Open Source, nuestra Firma ha desarrollado una innovadora capa de aplicaciones que agiliza tanto la publicaci\u00f3n como la b\u00fasqueda y localizaci\u00f3n de documentos en el gestor documental Alfresco.<br \/> Esta capa de software permite aislar al usuario de la estructura interna en la que se almacenan los documentos, tanto en el momento de guardar la informaci\u00f3n como de consultarla.<\/p><p><strong>Publicaci\u00f3n de la informaci\u00f3n<\/strong><\/p><p>Nuestro m\u00f3dulo, desarrollado bajo arquitectura .NET, se invoca desde el men\u00fa contextual de windows (bot\u00f3n derecho) del documento que se quiere publicar. La aplicaci\u00f3n permite la publicaci\u00f3n autom\u00e1tica en el gestor documental del documento seleccionado, informando los datos m\u00ednimos necesarios para identificar el tipo de documento y su nombre. A partir de estos datos, nuestro motor de publicaci\u00f3n:<\/p><ul><li>Decide en qu\u00e9 zona de la estructura interna del gestor documental se debe almacenar el documento<\/li><li>Da al documento un nombre estandarizado en funci\u00f3n de su tipo y de los datos de pantalla<\/li><li>Dota al documento de los metadatos necesarios para su clasificaci\u00f3n y posterior b\u00fasqueda<\/li><li>Guarda una \u00fanica copia de cada documento. En caso de que un mismo documento se tenga que guardar en diversas estructuras, crea referencias cruzadas en las estructuras hacia el documento guardado.<\/li><li>Permite gestionar los documentos ya publicados para corregir posibles errores.<\/li><\/ul><p><strong>Consulta de la informaci\u00f3n<\/strong><\/p><p>Se ha creado una herramienta web permite realizar la b\u00fasqueda de documentos publicados siguiendo diferentes criterios asociados a los metadatos de cada documento, informadas en el momento de la publicaci\u00f3n. De esta manera se evita al usuario la b\u00fasqueda por carpetas y el acceso directo a Alfresco, proporcionando una interfaz mucho m\u00e1s sencilla y atractiva.<\/p><p>El resultado de la b\u00fasqueda de informaci\u00f3n se presenta como una lista de documentos, carpetas, o combinaci\u00f3n de ambos conceptos.\u00a0Una vez seleccionando un documento resultante de la b\u00fasqueda, se abre en pantalla el documento guardado en el gestor documental. Al hacer clic sobre una carpeta, se activa la aplicaci\u00f3n Alfresco, que permite navegar por su estructura interna y utilizar sus funcionalidades habituales.<\/p><p>Asimismo, el entorno de configuraci\u00f3n permite definir cu\u00e1les son los documentos que se pueden publicar, en qu\u00e9 parte de la estructura se deben guardar, como se ha de construir el nombre del documento, qu\u00e9 datos se deben solicitar por pantalla, etc.<\/p>","_et_gb_content_width":"","footnotes":""},"class_list":["post-638","page","type-page","status-publish","has-post-thumbnail","hentry"],"yoast_head":"<!-- This site is optimized with the Yoast SEO plugin v27.3 - https:\/\/yoast.com\/product\/yoast-seo-wordpress\/ -->\n<title>Motor de publicaci\u00f3n sobre Alfresco - Better Consultants<\/title>\n<meta name=\"robots\" content=\"index, follow, max-snippet:-1, max-image-preview:large, max-video-preview:-1\" \/>\n<link rel=\"canonical\" href=\"https:\/\/www.betterconsultants.com\/cas\/motor-publicacion-alfresco\/\" \/>\n<meta property=\"og:locale\" content=\"es_ES\" \/>\n<meta property=\"og:type\" content=\"article\" \/>\n<meta property=\"og:title\" content=\"Motor de publicaci\u00f3n sobre Alfresco - Better Consultants\" \/>\n<meta property=\"og:description\" content=\"[et_pb_section bb_built=&quot;1&quot; admin_label=&quot;section&quot; custom_padding_last_edited=&quot;off|desktop&quot; _builder_version=&quot;3.0.105&quot; background_image=&quot;http:\/\/www.betterconsultants.com\/cas\/wp-content\/uploads\/2018\/01\/document_management4.jpg&quot; next_background_color=&quot;#0...\" \/>\n<meta property=\"og:url\" content=\"https:\/\/www.betterconsultants.com\/cas\/motor-publicacion-alfresco\/\" \/>\n<meta property=\"og:site_name\" content=\"Better Consultants\" \/>\n<meta property=\"article:modified_time\" content=\"2019-01-28T13:27:48+00:00\" \/>\n<meta property=\"og:image\" content=\"https:\/\/www.betterconsultants.com\/cas\/wp-content\/uploads\/2018\/01\/document_management4.jpg\" \/>\n\t<meta property=\"og:image:width\" content=\"960\" \/>\n\t<meta property=\"og:image:height\" content=\"353\" \/>\n\t<meta property=\"og:image:type\" content=\"image\/jpeg\" \/>\n<meta name=\"twitter:card\" content=\"summary_large_image\" \/>\n<meta name=\"twitter:label1\" content=\"Tiempo de lectura\" \/>\n\t<meta name=\"twitter:data1\" content=\"7 minutos\" \/>\n<script type=\"application\/ld+json\" class=\"yoast-schema-graph\">{\"@context\":\"https:\\\/\\\/schema.org\",\"@graph\":[{\"@type\":\"WebPage\",\"@id\":\"https:\\\/\\\/www.betterconsultants.com\\\/cas\\\/motor-publicacion-alfresco\\\/\",\"url\":\"https:\\\/\\\/www.betterconsultants.com\\\/cas\\\/motor-publicacion-alfresco\\\/\",\"name\":\"Motor de publicaci\u00f3n sobre Alfresco - Better Consultants\",\"isPartOf\":{\"@id\":\"https:\\\/\\\/www.betterconsultants.com\\\/cas\\\/#website\"},\"primaryImageOfPage\":{\"@id\":\"https:\\\/\\\/www.betterconsultants.com\\\/cas\\\/motor-publicacion-alfresco\\\/#primaryimage\"},\"image\":{\"@id\":\"https:\\\/\\\/www.betterconsultants.com\\\/cas\\\/motor-publicacion-alfresco\\\/#primaryimage\"},\"thumbnailUrl\":\"https:\\\/\\\/www.betterconsultants.com\\\/cas\\\/wp-content\\\/uploads\\\/2018\\\/01\\\/document_management4.jpg\",\"datePublished\":\"2016-10-16T16:16:40+00:00\",\"dateModified\":\"2019-01-28T13:27:48+00:00\",\"breadcrumb\":{\"@id\":\"https:\\\/\\\/www.betterconsultants.com\\\/cas\\\/motor-publicacion-alfresco\\\/#breadcrumb\"},\"inLanguage\":\"es\",\"potentialAction\":[{\"@type\":\"ReadAction\",\"target\":[\"https:\\\/\\\/www.betterconsultants.com\\\/cas\\\/motor-publicacion-alfresco\\\/\"]}]},{\"@type\":\"ImageObject\",\"inLanguage\":\"es\",\"@id\":\"https:\\\/\\\/www.betterconsultants.com\\\/cas\\\/motor-publicacion-alfresco\\\/#primaryimage\",\"url\":\"https:\\\/\\\/www.betterconsultants.com\\\/cas\\\/wp-content\\\/uploads\\\/2018\\\/01\\\/document_management4.jpg\",\"contentUrl\":\"https:\\\/\\\/www.betterconsultants.com\\\/cas\\\/wp-content\\\/uploads\\\/2018\\\/01\\\/document_management4.jpg\",\"width\":960,\"height\":353},{\"@type\":\"BreadcrumbList\",\"@id\":\"https:\\\/\\\/www.betterconsultants.com\\\/cas\\\/motor-publicacion-alfresco\\\/#breadcrumb\",\"itemListElement\":[{\"@type\":\"ListItem\",\"position\":1,\"name\":\"Portada\",\"item\":\"https:\\\/\\\/www.betterconsultants.com\\\/cas\\\/\"},{\"@type\":\"ListItem\",\"position\":2,\"name\":\"Motor de publicaci\u00f3n sobre Alfresco\"}]},{\"@type\":\"WebSite\",\"@id\":\"https:\\\/\\\/www.betterconsultants.com\\\/cas\\\/#website\",\"url\":\"https:\\\/\\\/www.betterconsultants.com\\\/cas\\\/\",\"name\":\"Better Consultants\",\"description\":\"consultoria - servicios TIC\",\"publisher\":{\"@id\":\"https:\\\/\\\/www.betterconsultants.com\\\/cas\\\/#organization\"},\"potentialAction\":[{\"@type\":\"SearchAction\",\"target\":{\"@type\":\"EntryPoint\",\"urlTemplate\":\"https:\\\/\\\/www.betterconsultants.com\\\/cas\\\/?s={search_term_string}\"},\"query-input\":{\"@type\":\"PropertyValueSpecification\",\"valueRequired\":true,\"valueName\":\"search_term_string\"}}],\"inLanguage\":\"es\"},{\"@type\":\"Organization\",\"@id\":\"https:\\\/\\\/www.betterconsultants.com\\\/cas\\\/#organization\",\"name\":\"Better Consultants\",\"url\":\"https:\\\/\\\/www.betterconsultants.com\\\/cas\\\/\",\"logo\":{\"@type\":\"ImageObject\",\"inLanguage\":\"es\",\"@id\":\"https:\\\/\\\/www.betterconsultants.com\\\/cas\\\/#\\\/schema\\\/logo\\\/image\\\/\",\"url\":\"https:\\\/\\\/www.betterconsultants.com\\\/cas\\\/wp-content\\\/uploads\\\/2016\\\/10\\\/better-m-transp.png\",\"contentUrl\":\"https:\\\/\\\/www.betterconsultants.com\\\/cas\\\/wp-content\\\/uploads\\\/2016\\\/10\\\/better-m-transp.png\",\"width\":200,\"height\":82,\"caption\":\"Better Consultants\"},\"image\":{\"@id\":\"https:\\\/\\\/www.betterconsultants.com\\\/cas\\\/#\\\/schema\\\/logo\\\/image\\\/\"},\"sameAs\":[\"https:\\\/\\\/es.linkedin.com\\\/company\\\/betterconsultants\"]}]}<\/script>\n<!-- \/ Yoast SEO plugin. -->","yoast_head_json":{"title":"Motor de publicaci\u00f3n sobre Alfresco - Better Consultants","robots":{"index":"index","follow":"follow","max-snippet":"max-snippet:-1","max-image-preview":"max-image-preview:large","max-video-preview":"max-video-preview:-1"},"canonical":"https:\/\/www.betterconsultants.com\/cas\/motor-publicacion-alfresco\/","og_locale":"es_ES","og_type":"article","og_title":"Motor de publicaci\u00f3n sobre Alfresco - Better Consultants","og_description":"[et_pb_section bb_built=\"1\" admin_label=\"section\" custom_padding_last_edited=\"off|desktop\" _builder_version=\"3.0.105\" background_image=\"http:\/\/www.betterconsultants.com\/cas\/wp-content\/uploads\/2018\/01\/document_management4.jpg\" next_background_color=\"#0...","og_url":"https:\/\/www.betterconsultants.com\/cas\/motor-publicacion-alfresco\/","og_site_name":"Better Consultants","article_modified_time":"2019-01-28T13:27:48+00:00","og_image":[{"width":960,"height":353,"url":"https:\/\/www.betterconsultants.com\/cas\/wp-content\/uploads\/2018\/01\/document_management4.jpg","type":"image\/jpeg"}],"twitter_card":"summary_large_image","twitter_misc":{"Tiempo de lectura":"7 minutos"},"schema":{"@context":"https:\/\/schema.org","@graph":[{"@type":"WebPage","@id":"https:\/\/www.betterconsultants.com\/cas\/motor-publicacion-alfresco\/","url":"https:\/\/www.betterconsultants.com\/cas\/motor-publicacion-alfresco\/","name":"Motor de publicaci\u00f3n sobre Alfresco - Better Consultants","isPartOf":{"@id":"https:\/\/www.betterconsultants.com\/cas\/#website"},"primaryImageOfPage":{"@id":"https:\/\/www.betterconsultants.com\/cas\/motor-publicacion-alfresco\/#primaryimage"},"image":{"@id":"https:\/\/www.betterconsultants.com\/cas\/motor-publicacion-alfresco\/#primaryimage"},"thumbnailUrl":"https:\/\/www.betterconsultants.com\/cas\/wp-content\/uploads\/2018\/01\/document_management4.jpg","datePublished":"2016-10-16T16:16:40+00:00","dateModified":"2019-01-28T13:27:48+00:00","breadcrumb":{"@id":"https:\/\/www.betterconsultants.com\/cas\/motor-publicacion-alfresco\/#breadcrumb"},"inLanguage":"es","potentialAction":[{"@type":"ReadAction","target":["https:\/\/www.betterconsultants.com\/cas\/motor-publicacion-alfresco\/"]}]},{"@type":"ImageObject","inLanguage":"es","@id":"https:\/\/www.betterconsultants.com\/cas\/motor-publicacion-alfresco\/#primaryimage","url":"https:\/\/www.betterconsultants.com\/cas\/wp-content\/uploads\/2018\/01\/document_management4.jpg","contentUrl":"https:\/\/www.betterconsultants.com\/cas\/wp-content\/uploads\/2018\/01\/document_management4.jpg","width":960,"height":353},{"@type":"BreadcrumbList","@id":"https:\/\/www.betterconsultants.com\/cas\/motor-publicacion-alfresco\/#breadcrumb","itemListElement":[{"@type":"ListItem","position":1,"name":"Portada","item":"https:\/\/www.betterconsultants.com\/cas\/"},{"@type":"ListItem","position":2,"name":"Motor de publicaci\u00f3n sobre Alfresco"}]},{"@type":"WebSite","@id":"https:\/\/www.betterconsultants.com\/cas\/#website","url":"https:\/\/www.betterconsultants.com\/cas\/","name":"Better Consultants","description":"consultoria - servicios TIC","publisher":{"@id":"https:\/\/www.betterconsultants.com\/cas\/#organization"},"potentialAction":[{"@type":"SearchAction","target":{"@type":"EntryPoint","urlTemplate":"https:\/\/www.betterconsultants.com\/cas\/?s={search_term_string}"},"query-input":{"@type":"PropertyValueSpecification","valueRequired":true,"valueName":"search_term_string"}}],"inLanguage":"es"},{"@type":"Organization","@id":"https:\/\/www.betterconsultants.com\/cas\/#organization","name":"Better Consultants","url":"https:\/\/www.betterconsultants.com\/cas\/","logo":{"@type":"ImageObject","inLanguage":"es","@id":"https:\/\/www.betterconsultants.com\/cas\/#\/schema\/logo\/image\/","url":"https:\/\/www.betterconsultants.com\/cas\/wp-content\/uploads\/2016\/10\/better-m-transp.png","contentUrl":"https:\/\/www.betterconsultants.com\/cas\/wp-content\/uploads\/2016\/10\/better-m-transp.png","width":200,"height":82,"caption":"Better Consultants"},"image":{"@id":"https:\/\/www.betterconsultants.com\/cas\/#\/schema\/logo\/image\/"},"sameAs":["https:\/\/es.linkedin.com\/company\/betterconsultants"]}]}},"_links":{"self":[{"href":"https:\/\/www.betterconsultants.com\/cas\/wp-json\/wp\/v2\/pages\/638","targetHints":{"allow":["GET"]}}],"collection":[{"href":"https:\/\/www.betterconsultants.com\/cas\/wp-json\/wp\/v2\/pages"}],"about":[{"href":"https:\/\/www.betterconsultants.com\/cas\/wp-json\/wp\/v2\/types\/page"}],"author":[{"embeddable":true,"href":"https:\/\/www.betterconsultants.com\/cas\/wp-json\/wp\/v2\/users\/4"}],"replies":[{"embeddable":true,"href":"https:\/\/www.betterconsultants.com\/cas\/wp-json\/wp\/v2\/comments?post=638"}],"version-history":[{"count":0,"href":"https:\/\/www.betterconsultants.com\/cas\/wp-json\/wp\/v2\/pages\/638\/revisions"}],"wp:featuredmedia":[{"embeddable":true,"href":"https:\/\/www.betterconsultants.com\/cas\/wp-json\/wp\/v2\/media\/7856"}],"wp:attachment":[{"href":"https:\/\/www.betterconsultants.com\/cas\/wp-json\/wp\/v2\/media?parent=638"}],"curies":[{"name":"wp","href":"https:\/\/api.w.org\/{rel}","templated":true}]}}